{"id":1029,"date":"2025-02-25T16:30:18","date_gmt":"2025-02-25T15:30:18","guid":{"rendered":"https:\/\/henri-beaufour.com\/?page_id=1029"},"modified":"2025-02-25T16:31:07","modified_gmt":"2025-02-25T15:31:07","slug":"informations-legales","status":"publish","type":"page","link":"https:\/\/henri-beaufour.com\/en\/informations-legales\/","title":{"rendered":"Informations l\u00e9gales"},"content":{"rendered":"<div data-elementor-type=\"wp-page\" data-elementor-id=\"1029\" class=\"elementor elementor-1029\" data-elementor-post-type=\"page\">\n\t\t\t\t<div data-particle_enable=\"false\" data-particle-mobile-disabled=\"false\" class=\"elementor-element elementor-element-8bc2361 e-flex e-con-boxed e-con e-parent\" data-id=\"8bc2361\" data-element_type=\"container\" data-e-type=\"container\" data-settings=\"{&quot;jet_parallax_layout_list&quot;:[]}\">\n\t\t\t\t\t<div class=\"e-con-inner\">\n\t\t\t\t<div class=\"elementor-element elementor-element-14f799a elementor-widget elementor-widget-heading\" data-id=\"14f799a\" data-element_type=\"widget\" data-e-type=\"widget\" data-widget_type=\"heading.default\">\n\t\t\t\t<div class=\"elementor-widget-container\">\n\t\t\t\t\t<h1 class=\"elementor-heading-title elementor-size-default\">Mentions l\u00e9gales\n<\/h1>\t\t\t\t<\/div>\n\t\t\t\t<\/div>\n\t\t\t\t<div class=\"elementor-element elementor-element-f10428d elementor-widget elementor-widget-text-editor\" data-id=\"f10428d\" data-element_type=\"widget\" data-e-type=\"widget\" data-widget_type=\"text-editor.default\">\n\t\t\t\t<div class=\"elementor-widget-container\">\n\t\t\t\t\t\t\t\t\t<p><b>EDITEUR DU SITE<\/b><\/p>\n<p>Massa Management SARL, soci\u00e9t\u00e9 \u00e0 responsabilit\u00e9 limit\u00e9e constitu\u00e9e sous les lois du Luxembourg, ayant son si\u00e8ge social au 11, Boulevard Royal, L-2449 Luxembourg, Grand-Duch\u00e9 de Luxembourg et inscrite aupr\u00e8s du Registre de Commerce et des Soci\u00e9t\u00e9s, Luxembourg sous le num\u00e9ro B227310.<\/p>\n<p>Directeur de publication : Henri Beaufour de Massa Management S.\u00e0.r.l., henri@massamanagement.lu, T\u00e9l. : +352 27 47 84 45<\/p>\n<p><b>H\u00c9BERGEUR DU SITE<\/b><\/p>\n<p><b>H\u00e9bergeur :<\/b> Visual Online S.A., rue Goell 6, L-5326 Contern<\/p>\n<p>E-mail : support@vo.lu<\/p>\n<p>T\u00e9l\u00e9phone : +352 42 44 11 1<\/p>\n<p><b>CONCEPTION ET R\u00c9ALISATION DU SITE<\/b><\/p>\n<p>Webmaster :<\/p>\n<p>Yohann Deprez<\/p>\n<p>E-mail : contact@yohanndeprez.fr<\/p>\n<p>SIRET : 90240717000015<\/p>\n<p>T\u00e9l\u00e9phone : +33 (0)6 70 49 48 14<\/p>\n<p><b>Graphisme :<\/b><\/p>\n<p>Anne Fraysse<\/p>\n<p>E-mail : contactez@annefraysse.com<\/p>\n<p>SIRET: 43756670600051<\/p>\n<p><b>Cr\u00e9dits photographiques :<\/b> Henri Beaufour<\/p>\t\t\t\t\t\t\t\t<\/div>\n\t\t\t\t<\/div>\n\t\t\t\t\t<\/div>\n\t\t\t\t<\/div>\n\t\t<div data-particle_enable=\"false\" data-particle-mobile-disabled=\"false\" class=\"elementor-element elementor-element-4bb25b1 e-flex e-con-boxed e-con e-parent\" data-id=\"4bb25b1\" data-element_type=\"container\" data-e-type=\"container\" data-settings=\"{&quot;jet_parallax_layout_list&quot;:[]}\">\n\t\t\t\t\t<div class=\"e-con-inner\">\n\t\t\t\t<div class=\"elementor-element elementor-element-1e9c726 elementor-widget elementor-widget-heading\" data-id=\"1e9c726\" data-element_type=\"widget\" data-e-type=\"widget\" data-widget_type=\"heading.default\">\n\t\t\t\t<div class=\"elementor-widget-container\">\n\t\t\t\t\t<h1 class=\"elementor-heading-title elementor-size-default\">Politique de confidentialit\u00e9\n<\/h1>\t\t\t\t<\/div>\n\t\t\t\t<\/div>\n\t\t\t\t<div class=\"elementor-element elementor-element-dbb43b1 elementor-widget elementor-widget-text-editor\" data-id=\"dbb43b1\" data-element_type=\"widget\" data-e-type=\"widget\" data-widget_type=\"text-editor.default\">\n\t\t\t\t<div class=\"elementor-widget-container\">\n\t\t\t\t\t\t\t\t\t<p>La pr\u00e9sente politique de confidentialit\u00e9 a pour objet d\u2019informer les utilisateurs du site https:\/\/henri-beaufour.com (ci-apr\u00e8s \u00ab le Site \u00bb) des moyens mis en \u0153uvre pour collecter et traiter les donn\u00e9es \u00e0 caract\u00e8re personnel de l\u2019utilisateur, conform\u00e9ment au R\u00e8glement n\u00b02016-679 du 27 avril 2016 relatif \u00e0 la protection des personnes physiques \u00e0 l\u2019\u00e9gard du traitement des Donn\u00e9es \u00e0 caract\u00e8re personnel et \u00e0 la libre circulation de ces donn\u00e9es (ci-apr\u00e8s \u00ab R\u00e8glementation \u00bb).<\/p><p>Le Responsable de traitement des Donn\u00e9es \u00e0 caract\u00e8re personnel est Massa Management SARL, soci\u00e9t\u00e9 \u00e0 responsabilit\u00e9 limit\u00e9e constitu\u00e9e sous les lois du Luxembourg, ayant son si\u00e8ge social au 11, Boulevard Royal, L-2449 Luxembourg, Grand-Duch\u00e9 de Luxembourg et inscrite aupr\u00e8s du Registre de Commerce et des Soci\u00e9t\u00e9s, Luxembourg sous le num\u00e9ro B227310.<\/p><p>Donn\u00e9es trait\u00e9es<\/p><p>Cat\u00e9gories de donn\u00e9es trait\u00e9es :<\/p><p>Les donn\u00e9es collect\u00e9es par Massa Management SARL sont le pr\u00e9nom, le nom et l\u2019adresse e-mail.<\/p><p>Sources des donn\u00e9es :<\/p><p>Les donn\u00e9es sont issues de l\u2019enregistrement, par la personne souhaitant recevoir la newsletter, de son nom, son pr\u00e9nom et son adresse e-mail dans le formulaire d\u2019inscription \u00e0 la newsletter du Site.<\/p><p>Caract\u00e8re obligatoire du recueil des donn\u00e9es :<\/p><p>Le recueil des noms, pr\u00e9noms et adresse email sont obligatoires pour l\u2019envoi de la newsletter.<\/p><p>Prise de d\u00e9cision automatis\u00e9e :<\/p><p>Le traitement ne pr\u00e9voit pas de prise de d\u00e9cision automatis\u00e9e.<\/p><p>Objet du traitement des donn\u00e9es<\/p><p>Finalit\u00e9 :<\/p><p>Le traitement a pour objet la gestion de l\u2019envoi de la newsletter d\u2019Henri Beaufour. Il permet \u00e0 Massa Management SARL de g\u00e9rer les abonnements \u00e0 la newsletter et de r\u00e9aliser des statistiques li\u00e9s au service.<\/p><p>Base l\u00e9gale :<\/p><p>La base l\u00e9gale du traitement est le consentement de la personne concern\u00e9e, conform\u00e9ment \u00e0 la R\u00e9glementation.<\/p><p>Personnes concern\u00e9es<\/p><p>Le traitement de donn\u00e9es concerne les personnes qui souhaitent s\u2019inscrire \u00e0 la newsletter d\u2019Henri Beaufour.<\/p><p>Destinataires des donn\u00e9es<\/p><p>Cat\u00e9gories de destinataire :<\/p><p>Les donn\u00e9es personnelles seront communiqu\u00e9es \u00e0 la soci\u00e9t\u00e9 en charge de la communication de Massa Management SARL, au webmaster de Yohann Deprez<\/p><p>En aucun cas, les donn\u00e9es recueillies par le Site ne seront c\u00e9d\u00e9es ou vendues \u00e0 des tiers. Aucune adresse email ne sera transmise \u00e0 des tiers y compris \u00e0 nos partenaires sauf avec l\u2019accord express des personnes concern\u00e9es.<\/p><p>Transferts des donn\u00e9es hors UE :<\/p><p>Aucun transfert de donn\u00e9es hors de l\u2019Union europ\u00e9enne n\u2019est r\u00e9alis\u00e9.<\/p><p>La dur\u00e9e de conservation des donn\u00e9es<\/p><p>Les donn\u00e9es sont conserv\u00e9es pendant une dur\u00e9e maximale de 3 ans si aucun \u00e9change n\u2019a lieu pendant cette p\u00e9riode entre le responsable de traitement et les personnes inscrites \u00e0 la newsletter.<\/p><p>S\u00e9curit\u00e9<\/p><p>Le responsable de traitement met tout en \u0153uvre afin de s\u00e9curiser les donn\u00e9es personnelles soumises sur le Site, notamment contre tout acc\u00e8s et utilisation non autoris\u00e9s.<\/p><p>Le responsable de traitement s\u2019engage \u00e0 prendre toutes les pr\u00e9cautions utiles, mesures organisationnelles et techniques appropri\u00e9es pour pr\u00e9server la s\u00e9curit\u00e9, l\u2019int\u00e9grit\u00e9 et la confidentialit\u00e9 des donn\u00e9es et notamment, emp\u00eacher qu\u2019elles soient d\u00e9form\u00e9es, endommag\u00e9es ou que des tiers non autoris\u00e9s y aient acc\u00e8s.<\/p><p>Vos droits sur les donn\u00e9es vous concernant<\/p><p>Vous pouvez acc\u00e9der aux donn\u00e9es vous concernant, les rectifier, demander leur effacement ou exercer votre droit \u00e0 la limitation du traitement de vos donn\u00e9es. Vous pouvez vous opposer au traitement de vos donn\u00e9es. Vous pouvez \u00e9galement exercer votre droit \u00e0 la portabilit\u00e9 de vos donn\u00e9es.<\/p><p>Pour exercer ces droits ou pour toute question sur le traitement de vos donn\u00e9es dans ce dispositif, vous pouvez contacter Massa Management pour la gestion de vos donn\u00e9es personnelles, \u00e0 cette adresse \u00e9lectronique : art@henri-beaufour.com .<\/p><p>Enfin, vous avez le droit de saisir la CNIL d\u2019une r\u00e9clamation<\/p>\t\t\t\t\t\t\t\t<\/div>\n\t\t\t\t<\/div>\n\t\t\t\t\t<\/div>\n\t\t\t\t<\/div>\n\t\t<div data-particle_enable=\"false\" data-particle-mobile-disabled=\"false\" class=\"elementor-element elementor-element-a698a4e e-flex e-con-boxed e-con e-parent\" data-id=\"a698a4e\" data-element_type=\"container\" data-e-type=\"container\" data-settings=\"{&quot;jet_parallax_layout_list&quot;:[]}\">\n\t\t\t\t\t<div class=\"e-con-inner\">\n\t\t\t\t<div class=\"elementor-element elementor-element-d028636 elementor-widget elementor-widget-heading\" data-id=\"d028636\" data-element_type=\"widget\" data-e-type=\"widget\" data-widget_type=\"heading.default\">\n\t\t\t\t<div class=\"elementor-widget-container\">\n\t\t\t\t\t<h1 class=\"elementor-heading-title elementor-size-default\">Conditions g\u00e9n\u00e9rales d\u2019utilisation<\/h1>\t\t\t\t<\/div>\n\t\t\t\t<\/div>\n\t\t\t\t<div class=\"elementor-element elementor-element-46e7146 elementor-widget elementor-widget-text-editor\" data-id=\"46e7146\" data-element_type=\"widget\" data-e-type=\"widget\" data-widget_type=\"text-editor.default\">\n\t\t\t\t<div class=\"elementor-widget-container\">\n\t\t\t\t\t\t\t\t\t<p>Derni\u00e8re mise \u00e0 jour le\u00a0:\u00a024 mars 2021<\/p><p>Merci de lire attentivement les pr\u00e9sentes modalit\u00e9s d\u2019utilisation du pr\u00e9sent site\u00a0https:\/\/henri-beaufour.com\/\u00a0(ci-apr\u00e8s, le \u00ab\u00a0Site\u00a0\u00bb) avant de le parcourir. En utilisant ce Site, vous acceptez sans r\u00e9serve les pr\u00e9sentes conditions d\u2019utilisation (ci-apr\u00e8s, les \u00ab\u00a0CGU\u00a0\u00bb). Celles-ci pourront \u00eatre modifi\u00e9es \u00e0 tout moment et sans pr\u00e9avis par l\u2019\u00c9diteur.<\/p><p>Pr\u00e9sentation du Site<\/p><p>Le Site a pour objectif de faire d\u00e9couvrir au public les \u0153uvres de l\u2019artiste Henri Beaufour et notamment\u00a0ses sculptures, modelages, gravures, dessins, peintures et assiettes. Le Site permet \u00e9galement de suivre les actualit\u00e9s de l\u2019artiste. Le Site est disponible en cinq langues\u00a0: en fran\u00e7ais, anglais, allemand, italien et espagnol.<\/p><p>Acc\u00e8s, navigation et limitation de responsabilit\u00e9<\/p><p>L\u2019\u00c9diteur met en \u0153uvre les solutions techniques \u00e0 sa disposition pour permettre l\u2019acc\u00e8s au Site 24 heures sur 24, 7 jours sur 7. Il pourra n\u00e9anmoins \u00e0 tout moment suspendre, limiter ou interrompre l\u2019acc\u00e8s au Site ou \u00e0 certaines pages de celui-ci afin de proc\u00e9der \u00e0 des mises \u00e0 jour, des modifications de son contenu ou toute autre action jug\u00e9e n\u00e9cessaire au bon fonctionnement du Site.<\/p><p>L\u2019\u00c9diteur n\u2019est pas responsable :<\/p><p>en cas de probl\u00e8mes ou d\u00e9faillances techniques, informatiques ou de compatibilit\u00e9 du Site avec un mat\u00e9riel ou logiciel quel qu\u2019il soit ; il incombe par cons\u00e9quent au visiteur du Site de prendre les pr\u00e9cautions d\u2019usage n\u00e9cessaires pour assurer la s\u00e9curit\u00e9 de son syst\u00e8me informatique contre les virus et trojans notamment.<br \/>des dommages directs ou indirects, mat\u00e9riels ou immat\u00e9riels, pr\u00e9visibles ou impr\u00e9visibles r\u00e9sultant de l\u2019utilisation ou des difficult\u00e9s d\u2019utilisation du Site ou de ses services ;<br \/>des caract\u00e9ristiques intrins\u00e8ques de l\u2019Internet, notamment celles relatives au manque de fiabilit\u00e9 et au d\u00e9faut de s\u00e9curisation des informations y circulant ;<br \/>d\u2019une mauvaise utilisation du service par l\u2019internaute.<\/p><p>Propri\u00e9t\u00e9 intellectuelle<\/p><p>Tout le contenu du pr\u00e9sent Site, incluant, de fa\u00e7on non limitative, les graphismes, images, textes, logos, gifs et ic\u00f4nes ainsi que leur mise en forme, marques et logos sont la propri\u00e9t\u00e9 exclusive de l\u2019auteur, de ses ayants-droit ou de ses partenaires (ci-apr\u00e8s, \u00ab\u00a0les El\u00e9ments prot\u00e9g\u00e9s\u00a0\u00bb).<\/p><p>Les visiteurs du Site s\u2019interdisent donc, sans l\u2019accord expr\u00e8s pr\u00e9alable de l\u2019Editeur et sous peine de sanctions civiles et p\u00e9nales :<\/p><p>de reproduire ou de faire reproduire les \u00c9l\u00e9ments prot\u00e9g\u00e9s, en tout ou partie, \u00e0 titre temporaire ou d\u00e9finitif, de quelque mani\u00e8re que ce soit, sur tout support, tout format, par tout proc\u00e9d\u00e9, connus ou inconnus \u00e0 ce jour\u00a0;<br \/>de repr\u00e9senter ou de faire repr\u00e9senter les \u00c9l\u00e9ments prot\u00e9g\u00e9s, en tout ou partie, int\u00e9gralement ou par extrait, de quelque fa\u00e7on que ce soit, par tout proc\u00e9d\u00e9, tout mode de diffusion, tout mode de communication connus ou inconnus \u00e0 ce jour\u00a0;<br \/>d\u2019adapter ou de faire adapter les \u00c9l\u00e9ments prot\u00e9g\u00e9s, en tout ou partie, \u00e0 titre temporaire ou d\u00e9finitif, et notamment de traduire en toutes langues les El\u00e9ments prot\u00e9g\u00e9s, de cr\u00e9er toute \u0153uvre d\u00e9riv\u00e9e, de r\u00e9aliser de nouvelles versions ou de nouveaux d\u00e9veloppements \u00e0 partir des El\u00e9ments prot\u00e9g\u00e9s, de maintenir, modifier, arranger, assembler, num\u00e9riser tout ou partie des El\u00e9ments prot\u00e9g\u00e9s.<\/p><p>Les visiteurs du Site reconnaissent que toute violation du pr\u00e9sent article constitue une contrefa\u00e7on sanctionn\u00e9e par les articles du Code de la propri\u00e9t\u00e9 intellectuelle.<\/p><p>Cette interdiction s\u2019applique sans limitation g\u00e9ographique, pour la dur\u00e9e de protection accord\u00e9e par le droit de la propri\u00e9t\u00e9 intellectuelle, et pour tout mode d\u2019exploitation, \u00e0 titre gratuit ou on\u00e9reux.<\/p><p>Les pr\u00e9sentes CGU n\u2019emportent aucune cession de droits de propri\u00e9t\u00e9 intellectuelle attach\u00e9s aux \u00c9l\u00e9ments Prot\u00e9g\u00e9s.<\/p><p>Protection des donn\u00e9es \u00e0 caract\u00e8re personnel<\/p><p>L\u2019\u00c9diteur assure aux visiteurs inscrits \u00e0 la newsletter une collecte et un traitement d\u2019informations personnelles dans le respect de la vie priv\u00e9e conform\u00e9ment \u00e0 la r\u00e9glementation en vigueur, et notamment, le R\u00e8glement n\u00b02016-679 du 27 avril 2016 relatif \u00e0 la protection des personnes physiques \u00e0 l\u2019\u00e9gard du traitement des donn\u00e9es \u00e0 caract\u00e8re personnel et \u00e0 la libre circulation de ces donn\u00e9es. Pour plus d\u2019information, reportez-vous \u00e0 la Politique de confidentialit\u00e9 (lien vers l\u2019URL de la Politique de confidentialit\u00e9).<\/p><p><strong>Contact<\/strong><\/p><p>Pour toute question, vous pouvez contacter Massa Management, \u00e0 l\u2019adresse email henri@massamanagement.lu.<\/p>\t\t\t\t\t\t\t\t<\/div>\n\t\t\t\t<\/div>\n\t\t\t\t\t<\/div>\n\t\t\t\t<\/div>\n\t\t\t\t<\/div>","protected":false},"excerpt":{"rendered":"<p>Mentions l\u00e9gales EDITEUR DU SITE Massa Management SARL, soci\u00e9t\u00e9 \u00e0 responsabilit\u00e9 limit\u00e9e constitu\u00e9e sous les lois du Luxembourg, ayant son si\u00e8ge social au 11, Boulevard Royal, L-2449 Luxembourg, Grand-Duch\u00e9 de Luxembourg et inscrite aupr\u00e8s du Registre de Commerce et des Soci\u00e9t\u00e9s, Luxembourg sous le num\u00e9ro B227310. Directeur de publication : Henri Beaufour de Massa Management [&hellip;]<\/p>\n","protected":false},"author":1,"featured_media":0,"parent":0,"menu_order":0,"comment_status":"closed","ping_status":"closed","template":"elementor_header_footer","meta":{"_acf_changed":false,"footnotes":""},"folder":[],"class_list":["post-1029","page","type-page","status-publish","hentry"],"acf":[],"yoast_head":"<!-- This site is optimized with the Yoast SEO plugin v27.3 - https:\/\/yoast.com\/product\/yoast-seo-wordpress\/ -->\n<title>Informations l\u00e9gales - Henri Beaufour<\/title>\n<meta name=\"robots\" content=\"index, follow, max-snippet:-1, max-image-preview:large, max-video-preview:-1\" \/>\n<link rel=\"canonical\" href=\"https:\/\/henri-beaufour.com\/en\/informations-legales\/\" \/>\n<meta property=\"og:locale\" content=\"en_GB\" \/>\n<meta property=\"og:type\" content=\"article\" \/>\n<meta property=\"og:title\" content=\"Informations l\u00e9gales - Henri Beaufour\" \/>\n<meta property=\"og:description\" content=\"Mentions l\u00e9gales EDITEUR DU SITE Massa Management SARL, soci\u00e9t\u00e9 \u00e0 responsabilit\u00e9 limit\u00e9e constitu\u00e9e sous les lois du Luxembourg, ayant son si\u00e8ge social au 11, Boulevard Royal, L-2449 Luxembourg, Grand-Duch\u00e9 de Luxembourg et inscrite aupr\u00e8s du Registre de Commerce et des Soci\u00e9t\u00e9s, Luxembourg sous le num\u00e9ro B227310. Directeur de publication : Henri Beaufour de Massa Management [&hellip;]\" \/>\n<meta property=\"og:url\" content=\"https:\/\/henri-beaufour.com\/en\/informations-legales\/\" \/>\n<meta property=\"og:site_name\" content=\"Henri Beaufour\" \/>\n<meta property=\"article:modified_time\" content=\"2025-02-25T15:31:07+00:00\" \/>\n<meta name=\"twitter:card\" content=\"summary_large_image\" \/>\n<meta name=\"twitter:label1\" content=\"Estimated reading time\" \/>\n\t<meta name=\"twitter:data1\" content=\"7 minutes\" \/>\n<script type=\"application\/ld+json\" class=\"yoast-schema-graph\">{\"@context\":\"https:\\\/\\\/schema.org\",\"@graph\":[{\"@type\":\"WebPage\",\"@id\":\"https:\\\/\\\/henri-beaufour.com\\\/informations-legales\\\/\",\"url\":\"https:\\\/\\\/henri-beaufour.com\\\/informations-legales\\\/\",\"name\":\"Informations l\u00e9gales - Henri Beaufour\",\"isPartOf\":{\"@id\":\"https:\\\/\\\/henri-beaufour.com\\\/#website\"},\"datePublished\":\"2025-02-25T15:30:18+00:00\",\"dateModified\":\"2025-02-25T15:31:07+00:00\",\"breadcrumb\":{\"@id\":\"https:\\\/\\\/henri-beaufour.com\\\/informations-legales\\\/#breadcrumb\"},\"inLanguage\":\"en-GB\",\"potentialAction\":[{\"@type\":\"ReadAction\",\"target\":[\"https:\\\/\\\/henri-beaufour.com\\\/informations-legales\\\/\"]}]},{\"@type\":\"BreadcrumbList\",\"@id\":\"https:\\\/\\\/henri-beaufour.com\\\/informations-legales\\\/#breadcrumb\",\"itemListElement\":[{\"@type\":\"ListItem\",\"position\":1,\"name\":\"Accueil\",\"item\":\"https:\\\/\\\/henri-beaufour.com\\\/\"},{\"@type\":\"ListItem\",\"position\":2,\"name\":\"Informations l\u00e9gales\"}]},{\"@type\":\"WebSite\",\"@id\":\"https:\\\/\\\/henri-beaufour.com\\\/#website\",\"url\":\"https:\\\/\\\/henri-beaufour.com\\\/\",\"name\":\"Henri Beaufour\",\"description\":\"\",\"potentialAction\":[{\"@type\":\"SearchAction\",\"target\":{\"@type\":\"EntryPoint\",\"urlTemplate\":\"https:\\\/\\\/henri-beaufour.com\\\/?s={search_term_string}\"},\"query-input\":{\"@type\":\"PropertyValueSpecification\",\"valueRequired\":true,\"valueName\":\"search_term_string\"}}],\"inLanguage\":\"en-GB\"}]}<\/script>\n<!-- \/ Yoast SEO plugin. -->","yoast_head_json":{"title":"Informations l\u00e9gales - Henri Beaufour","robots":{"index":"index","follow":"follow","max-snippet":"max-snippet:-1","max-image-preview":"max-image-preview:large","max-video-preview":"max-video-preview:-1"},"canonical":"https:\/\/henri-beaufour.com\/en\/informations-legales\/","og_locale":"en_GB","og_type":"article","og_title":"Informations l\u00e9gales - Henri Beaufour","og_description":"Mentions l\u00e9gales EDITEUR DU SITE Massa Management SARL, soci\u00e9t\u00e9 \u00e0 responsabilit\u00e9 limit\u00e9e constitu\u00e9e sous les lois du Luxembourg, ayant son si\u00e8ge social au 11, Boulevard Royal, L-2449 Luxembourg, Grand-Duch\u00e9 de Luxembourg et inscrite aupr\u00e8s du Registre de Commerce et des Soci\u00e9t\u00e9s, Luxembourg sous le num\u00e9ro B227310. Directeur de publication : Henri Beaufour de Massa Management [&hellip;]","og_url":"https:\/\/henri-beaufour.com\/en\/informations-legales\/","og_site_name":"Henri Beaufour","article_modified_time":"2025-02-25T15:31:07+00:00","twitter_card":"summary_large_image","twitter_misc":{"Estimated reading time":"7 minutes"},"schema":{"@context":"https:\/\/schema.org","@graph":[{"@type":"WebPage","@id":"https:\/\/henri-beaufour.com\/informations-legales\/","url":"https:\/\/henri-beaufour.com\/informations-legales\/","name":"Informations l\u00e9gales - Henri Beaufour","isPartOf":{"@id":"https:\/\/henri-beaufour.com\/#website"},"datePublished":"2025-02-25T15:30:18+00:00","dateModified":"2025-02-25T15:31:07+00:00","breadcrumb":{"@id":"https:\/\/henri-beaufour.com\/informations-legales\/#breadcrumb"},"inLanguage":"en-GB","potentialAction":[{"@type":"ReadAction","target":["https:\/\/henri-beaufour.com\/informations-legales\/"]}]},{"@type":"BreadcrumbList","@id":"https:\/\/henri-beaufour.com\/informations-legales\/#breadcrumb","itemListElement":[{"@type":"ListItem","position":1,"name":"Accueil","item":"https:\/\/henri-beaufour.com\/"},{"@type":"ListItem","position":2,"name":"Informations l\u00e9gales"}]},{"@type":"WebSite","@id":"https:\/\/henri-beaufour.com\/#website","url":"https:\/\/henri-beaufour.com\/","name":"Henri Beaufour","description":"","potentialAction":[{"@type":"SearchAction","target":{"@type":"EntryPoint","urlTemplate":"https:\/\/henri-beaufour.com\/?s={search_term_string}"},"query-input":{"@type":"PropertyValueSpecification","valueRequired":true,"valueName":"search_term_string"}}],"inLanguage":"en-GB"}]}},"_links":{"self":[{"href":"https:\/\/henri-beaufour.com\/en\/wp-json\/wp\/v2\/pages\/1029","targetHints":{"allow":["GET"]}}],"collection":[{"href":"https:\/\/henri-beaufour.com\/en\/wp-json\/wp\/v2\/pages"}],"about":[{"href":"https:\/\/henri-beaufour.com\/en\/wp-json\/wp\/v2\/types\/page"}],"author":[{"embeddable":true,"href":"https:\/\/henri-beaufour.com\/en\/wp-json\/wp\/v2\/users\/1"}],"replies":[{"embeddable":true,"href":"https:\/\/henri-beaufour.com\/en\/wp-json\/wp\/v2\/comments?post=1029"}],"version-history":[{"count":4,"href":"https:\/\/henri-beaufour.com\/en\/wp-json\/wp\/v2\/pages\/1029\/revisions"}],"predecessor-version":[{"id":1033,"href":"https:\/\/henri-beaufour.com\/en\/wp-json\/wp\/v2\/pages\/1029\/revisions\/1033"}],"wp:attachment":[{"href":"https:\/\/henri-beaufour.com\/en\/wp-json\/wp\/v2\/media?parent=1029"}],"wp:term":[{"taxonomy":"folder","embeddable":true,"href":"https:\/\/henri-beaufour.com\/en\/wp-json\/wp\/v2\/folder?post=1029"}],"curies":[{"name":"wp","href":"https:\/\/api.w.org\/{rel}","templated":true}]}}