{"id":1078,"date":"2025-02-27T10:09:21","date_gmt":"2025-02-27T09:09:21","guid":{"rendered":"https:\/\/henri-beaufour.com\/?page_id=1078"},"modified":"2025-03-14T15:50:20","modified_gmt":"2025-03-14T14:50:20","slug":"henri-beaufour-de-la-matiere-a-la-lumiere-par-frederic-elkaim","status":"publish","type":"page","link":"https:\/\/henri-beaufour.com\/en\/henri-beaufour-de-la-matiere-a-la-lumiere-par-frederic-elkaim\/","title":{"rendered":"\u00ab Henri Beaufour, de la mati\u00e8re \u00e0 la lumi\u00e8re \u00bb par Fr\u00e9d\u00e9ric Elka\u00efm"},"content":{"rendered":"<div data-elementor-type=\"wp-page\" data-elementor-id=\"1078\" class=\"elementor elementor-1078\" data-elementor-post-type=\"page\">\n\t\t\t\t<div data-particle_enable=\"false\" data-particle-mobile-disabled=\"false\" class=\"elementor-element elementor-element-f4235c6 e-flex e-con-boxed e-con e-parent\" data-id=\"f4235c6\" data-element_type=\"container\" data-e-type=\"container\" data-settings=\"{&quot;jet_parallax_layout_list&quot;:[]}\">\n\t\t\t\t\t<div class=\"e-con-inner\">\n\t\t<div data-particle_enable=\"false\" data-particle-mobile-disabled=\"false\" class=\"elementor-element elementor-element-0750c29 e-con-full e-flex e-con e-child\" data-id=\"0750c29\" data-element_type=\"container\" data-e-type=\"container\" data-settings=\"{&quot;jet_parallax_layout_list&quot;:[]}\">\n\t\t<div data-particle_enable=\"false\" data-particle-mobile-disabled=\"false\" class=\"elementor-element elementor-element-6c230cd e-con-full e-flex e-con e-child\" data-id=\"6c230cd\" data-element_type=\"container\" data-e-type=\"container\" data-settings=\"{&quot;jet_parallax_layout_list&quot;:[]}\">\n\t\t<div data-particle_enable=\"false\" data-particle-mobile-disabled=\"false\" class=\"elementor-element elementor-element-20cb01c e-con-full e-flex e-con e-child\" data-id=\"20cb01c\" data-element_type=\"container\" data-e-type=\"container\" data-settings=\"{&quot;jet_parallax_layout_list&quot;:[]}\">\n\t\t\t\t<div class=\"elementor-element elementor-element-02fcc09 elementor-widget elementor-widget-heading\" data-id=\"02fcc09\" data-element_type=\"widget\" data-e-type=\"widget\" data-widget_type=\"heading.default\">\n\t\t\t\t<div class=\"elementor-widget-container\">\n\t\t\t\t\t<p class=\"elementor-heading-title elementor-size-default translation-block\">Henri Beaufour, \nfrom matter to light\n\n<br>\nText written by Fr\u00e9d\u00e9ric Elka\u00efm<\/p>\t\t\t\t<\/div>\n\t\t\t\t<\/div>\n\t\t\t\t<div class=\"elementor-element elementor-element-f74a2c6 elementor-widget elementor-widget-text-editor\" data-id=\"f74a2c6\" data-element_type=\"widget\" data-e-type=\"widget\" data-widget_type=\"text-editor.default\">\n\t\t\t\t<div class=\"elementor-widget-container\">\n\t\t\t\t\t\t\t\t\t<p>It is not uncommon for art history to reveal to us, decades later, the creative power of long-unrecognized artists. For example, Louise Bourgeois who built a unique and protean body of work without New York cultural circles being aware of her immense contribution before she reached her fifties.\n\nOf course, many modern art artists can be linked to this phenomenon, from C\u00e9zanne to Gauguin via Hilma af Klint or more recently Alina Szapocznikow\u2026 They are often painters and sculptors who create an original work but independent, and who prefer to devote their time to the tireless search for form and the meaning that emerges from it, rather than to recognition by professionals or the public. These \u201cinnovators\u201d do not neglect the heritage from their elders and the multiple influences that torment them. However, they try at the same time to synthesize these contributions while going beyond them, to establish their own personal program. They are often scholars, philosophers, spiritual minds or exceptional sensibilities capable of absorbing in an original way the creativity that a long artistic tradition has given them and that they manage to sublimate in a renewed vision. Henri Beaufour belongs exactly to\nthis category of artists. At the same time baroque, expressionist and informal, he has been building for nearly thirty years, an abundant but coherent work which imposes itself outside the commercial and institutional circuits and henceforth deserves the full light.<\/p><p>Trained in art and art history in the United States, France and Italy, passionate about literature and curious about all forms of culture and philosophy, Henri Beaufour does not neglect \"the art of the hand\", that he will experience for many years with \"master sculptors\", without however leaving aside the practice of drawing and painting which remain a base for him, because as he says himself: \"The practice of drawing allows me to grasp the shapes of the sculpture which is nothing but an object\u201d. We see it from the outset, the relationship between expressiveness and the symbol passes for him by the \"spontaneous and direct realization\", a form of \"body to body\u201d with the material that will innervate all his work and inject an overall feeling of great power. Whether he practices direct carving himself or whether he leaves it to practitioners to realize his drawings, his ideas, our sculptor is a kind of instinctive genius who knows how to breathe life into marble, and yet who never ceases to try to open up a conceptual, intellectual, referenced space (myths, historical figures, allegories) between the inertia of the material and its expressionist vitality. If he settled in Pietrasanta, a Tuscan medieval town renowned for its foundries and marble works since the Renaissance, it was because he could develop a workshop there linked to the great history of sculpture and cultivate dynamic effects there. and inspiring that are still present there, while \"building\" a universe that carries this heritage to new conclusions.<\/p><p>Beaufour is therefore an artist who, in his own spontaneous and unique way, fits into a number of references. Let us quote pell-mell Baroque sculpture and particularly Le Bernin, as well as his avatars in the 19th century such as Carpeaux or even Rodin for power, even Henry de Waroquier of the School of Paris. As sculpture never ceases to question the persistence of its ancient heritage, it is quite natural that Beaufour in turn wonders about the notions of classicism, baroque, naturalism and expression dear to any experimenter. His \"bestiary\" of sculpted animals is more in keeping with the culture of antiquity and the Middle Ages, from metamorphoses and fables to the fantastic world, as well as the resurgence of an artistic interest in animal singularity developed in the 19th and 20th centuries by Barye, Jouve, Pompon etc. His drawing, painting, engraving, are for him so many parallel and complementary paths in his infinite attempt to transmit\n\na truth of life through matter. Expressionism seems to reign supreme there, from Kirchner to the distant heirs that can constitute, through informal art, major figures of a tortured portrait of humanity such as Dubuffet, Bacon, or even Combas and Basquiat. Nor can we forget the \u201cvitalism\u201d of the CoBra movement.\nwhich also seems to irrigate his line, nor of course the tutelary shadow of Picasso, whose influence is also perceptible in the practice of painting on plates...<\/p><p>Despite this harvest of influences and references perfectly digested by Henri Beaufour, it would be absurd to confine it to an echo of these tendencies which, however, all have in common a freedom of expression and an energy of forms, an overall coherence that the found everywhere in his production. Because there is in his work a singularity which is the mark of a perfectly original spirit and totally detached from current fashions. His graphic universe is crossed by a fertile paradox between unbridled expressiveness and contemporary banality, thus underlining both a certain emptiness of existence but also the grandeur of simplicity. The characters, whether historical, media or anonymous, are captured with force in the painted, engraved, drawn portraits, as if frozen in the middle of an uncertain, modest, ambiguous movement, and yet raised by a generous, brilliant, ample line. . The faces are often grotesque and tormented, sometimes sarcastic or cruel: they question us about an unvarnished truth of our human condition. They are the culmination of fine observations and countless sketches.<\/p><p>But it is in sculpture that Beaufour's practice reaches particularly tortuous heights of creative singularity. It is difficult to define what provokes in the viewer such an impression of amazement in front of pieces which nevertheless seem to draw from a universal repertoire, from prehistoric statuary to the most current forms. Naturalistic or on the contrary fantastic beasts, figures from the Bible or antiquity, unidentified individuals lost in their own vagueness, it is an inexhaustible gallery of truly \"inhabited\" and living characters who continue to move before our eyes from sardonic and at the same time deeply fragile way. It is a vitalist, expressionist, powerful, spontaneous dimension, the manner of which belongs only to him. They are electric impulses\n\nwhich cross the marble, releasing chiseled features, chiselling time like wrinkles, edifying grotesque and yet finely chiseled faces. These are the emotions that pass through us directly, physically, in this contact with a finally animated material. And this is probably the reason why one can only wonder: is Henri Beaufour not developing, in the strictest confidentiality, an important work? Time to take a closer look!!!<\/p>\t\t\t\t\t\t\t\t<\/div>\n\t\t\t\t<\/div>\n\t\t\t\t<\/div>\n\t\t\t\t<\/div>\n\t\t\t\t<\/div>\n\t\t\t\t\t<\/div>\n\t\t\t\t<\/div>\n\t\t\t\t<\/div>","protected":false},"excerpt":{"rendered":"<p>\u00ab Henri Beaufour, de la mati\u00e8re \u00e0 la lumi\u00e8re \u00bb par Fr\u00e9d\u00e9ric Elka\u00efm Il n\u2019est pas rare que l\u2019Histoire de l\u2019art nous r\u00e9v\u00e8le des d\u00e9cennies plus tard, la puissance cr\u00e9atrice d\u2019artistes longtemps m\u00e9connus. Ainsi par exemple de Louise Bourgeois qui construit une \u0153uvre singuli\u00e8re et prot\u00e9iforme sans que les milieux culturels new-yorkais aient conscience de [&hellip;]<\/p>\n","protected":false},"author":3,"featured_media":0,"parent":0,"menu_order":0,"comment_status":"closed","ping_status":"closed","template":"","meta":{"_acf_changed":false,"footnotes":""},"folder":[],"class_list":["post-1078","page","type-page","status-publish","hentry"],"acf":[],"yoast_head":"<!-- This site is optimized with the Yoast SEO plugin v27.3 - https:\/\/yoast.com\/product\/yoast-seo-wordpress\/ -->\n<title>\u00ab Henri Beaufour, de la mati\u00e8re \u00e0 la lumi\u00e8re \u00bb par Fr\u00e9d\u00e9ric Elka\u00efm - Henri Beaufour<\/title>\n<meta name=\"robots\" content=\"index, follow, max-snippet:-1, max-image-preview:large, max-video-preview:-1\" \/>\n<link rel=\"canonical\" href=\"https:\/\/henri-beaufour.com\/en\/henri-beaufour-de-la-matiere-a-la-lumiere-par-frederic-elkaim\/\" \/>\n<meta property=\"og:locale\" content=\"en_GB\" \/>\n<meta property=\"og:type\" content=\"article\" \/>\n<meta property=\"og:title\" content=\"\u00ab Henri Beaufour, de la mati\u00e8re \u00e0 la lumi\u00e8re \u00bb par Fr\u00e9d\u00e9ric Elka\u00efm - Henri Beaufour\" \/>\n<meta property=\"og:description\" content=\"\u00ab Henri Beaufour, de la mati\u00e8re \u00e0 la lumi\u00e8re \u00bb par Fr\u00e9d\u00e9ric Elka\u00efm Il n\u2019est pas rare que l\u2019Histoire de l\u2019art nous r\u00e9v\u00e8le des d\u00e9cennies plus tard, la puissance cr\u00e9atrice d\u2019artistes longtemps m\u00e9connus. Ainsi par exemple de Louise Bourgeois qui construit une \u0153uvre singuli\u00e8re et prot\u00e9iforme sans que les milieux culturels new-yorkais aient conscience de [&hellip;]\" \/>\n<meta property=\"og:url\" content=\"https:\/\/henri-beaufour.com\/en\/henri-beaufour-de-la-matiere-a-la-lumiere-par-frederic-elkaim\/\" \/>\n<meta property=\"og:site_name\" content=\"Henri Beaufour\" \/>\n<meta property=\"article:modified_time\" content=\"2025-03-14T14:50:20+00:00\" \/>\n<meta name=\"twitter:card\" content=\"summary_large_image\" \/>\n<meta name=\"twitter:label1\" content=\"Estimated reading time\" \/>\n\t<meta name=\"twitter:data1\" content=\"6 minutes\" \/>\n<script type=\"application\/ld+json\" class=\"yoast-schema-graph\">{\"@context\":\"https:\\\/\\\/schema.org\",\"@graph\":[{\"@type\":\"WebPage\",\"@id\":\"https:\\\/\\\/henri-beaufour.com\\\/henri-beaufour-de-la-matiere-a-la-lumiere-par-frederic-elkaim\\\/\",\"url\":\"https:\\\/\\\/henri-beaufour.com\\\/henri-beaufour-de-la-matiere-a-la-lumiere-par-frederic-elkaim\\\/\",\"name\":\"\u00ab Henri Beaufour, de la mati\u00e8re \u00e0 la lumi\u00e8re \u00bb par Fr\u00e9d\u00e9ric Elka\u00efm - Henri Beaufour\",\"isPartOf\":{\"@id\":\"https:\\\/\\\/henri-beaufour.com\\\/#website\"},\"datePublished\":\"2025-02-27T09:09:21+00:00\",\"dateModified\":\"2025-03-14T14:50:20+00:00\",\"breadcrumb\":{\"@id\":\"https:\\\/\\\/henri-beaufour.com\\\/henri-beaufour-de-la-matiere-a-la-lumiere-par-frederic-elkaim\\\/#breadcrumb\"},\"inLanguage\":\"en-GB\",\"potentialAction\":[{\"@type\":\"ReadAction\",\"target\":[\"https:\\\/\\\/henri-beaufour.com\\\/henri-beaufour-de-la-matiere-a-la-lumiere-par-frederic-elkaim\\\/\"]}]},{\"@type\":\"BreadcrumbList\",\"@id\":\"https:\\\/\\\/henri-beaufour.com\\\/henri-beaufour-de-la-matiere-a-la-lumiere-par-frederic-elkaim\\\/#breadcrumb\",\"itemListElement\":[{\"@type\":\"ListItem\",\"position\":1,\"name\":\"Accueil\",\"item\":\"https:\\\/\\\/henri-beaufour.com\\\/\"},{\"@type\":\"ListItem\",\"position\":2,\"name\":\"\u00ab Henri Beaufour, de la mati\u00e8re \u00e0 la lumi\u00e8re \u00bb par Fr\u00e9d\u00e9ric Elka\u00efm\"}]},{\"@type\":\"WebSite\",\"@id\":\"https:\\\/\\\/henri-beaufour.com\\\/#website\",\"url\":\"https:\\\/\\\/henri-beaufour.com\\\/\",\"name\":\"Henri Beaufour\",\"description\":\"\",\"potentialAction\":[{\"@type\":\"SearchAction\",\"target\":{\"@type\":\"EntryPoint\",\"urlTemplate\":\"https:\\\/\\\/henri-beaufour.com\\\/?s={search_term_string}\"},\"query-input\":{\"@type\":\"PropertyValueSpecification\",\"valueRequired\":true,\"valueName\":\"search_term_string\"}}],\"inLanguage\":\"en-GB\"}]}<\/script>\n<!-- \/ Yoast SEO plugin. -->","yoast_head_json":{"title":"\u00ab Henri Beaufour, de la mati\u00e8re \u00e0 la lumi\u00e8re \u00bb par Fr\u00e9d\u00e9ric Elka\u00efm - Henri Beaufour","robots":{"index":"index","follow":"follow","max-snippet":"max-snippet:-1","max-image-preview":"max-image-preview:large","max-video-preview":"max-video-preview:-1"},"canonical":"https:\/\/henri-beaufour.com\/en\/henri-beaufour-de-la-matiere-a-la-lumiere-par-frederic-elkaim\/","og_locale":"en_GB","og_type":"article","og_title":"\u00ab Henri Beaufour, de la mati\u00e8re \u00e0 la lumi\u00e8re \u00bb par Fr\u00e9d\u00e9ric Elka\u00efm - Henri Beaufour","og_description":"\u00ab Henri Beaufour, de la mati\u00e8re \u00e0 la lumi\u00e8re \u00bb par Fr\u00e9d\u00e9ric Elka\u00efm Il n\u2019est pas rare que l\u2019Histoire de l\u2019art nous r\u00e9v\u00e8le des d\u00e9cennies plus tard, la puissance cr\u00e9atrice d\u2019artistes longtemps m\u00e9connus. Ainsi par exemple de Louise Bourgeois qui construit une \u0153uvre singuli\u00e8re et prot\u00e9iforme sans que les milieux culturels new-yorkais aient conscience de [&hellip;]","og_url":"https:\/\/henri-beaufour.com\/en\/henri-beaufour-de-la-matiere-a-la-lumiere-par-frederic-elkaim\/","og_site_name":"Henri Beaufour","article_modified_time":"2025-03-14T14:50:20+00:00","twitter_card":"summary_large_image","twitter_misc":{"Estimated reading time":"6 minutes"},"schema":{"@context":"https:\/\/schema.org","@graph":[{"@type":"WebPage","@id":"https:\/\/henri-beaufour.com\/henri-beaufour-de-la-matiere-a-la-lumiere-par-frederic-elkaim\/","url":"https:\/\/henri-beaufour.com\/henri-beaufour-de-la-matiere-a-la-lumiere-par-frederic-elkaim\/","name":"\u00ab Henri Beaufour, de la mati\u00e8re \u00e0 la lumi\u00e8re \u00bb par Fr\u00e9d\u00e9ric Elka\u00efm - Henri Beaufour","isPartOf":{"@id":"https:\/\/henri-beaufour.com\/#website"},"datePublished":"2025-02-27T09:09:21+00:00","dateModified":"2025-03-14T14:50:20+00:00","breadcrumb":{"@id":"https:\/\/henri-beaufour.com\/henri-beaufour-de-la-matiere-a-la-lumiere-par-frederic-elkaim\/#breadcrumb"},"inLanguage":"en-GB","potentialAction":[{"@type":"ReadAction","target":["https:\/\/henri-beaufour.com\/henri-beaufour-de-la-matiere-a-la-lumiere-par-frederic-elkaim\/"]}]},{"@type":"BreadcrumbList","@id":"https:\/\/henri-beaufour.com\/henri-beaufour-de-la-matiere-a-la-lumiere-par-frederic-elkaim\/#breadcrumb","itemListElement":[{"@type":"ListItem","position":1,"name":"Accueil","item":"https:\/\/henri-beaufour.com\/"},{"@type":"ListItem","position":2,"name":"\u00ab Henri Beaufour, de la mati\u00e8re \u00e0 la lumi\u00e8re \u00bb par Fr\u00e9d\u00e9ric Elka\u00efm"}]},{"@type":"WebSite","@id":"https:\/\/henri-beaufour.com\/#website","url":"https:\/\/henri-beaufour.com\/","name":"Henri Beaufour","description":"","potentialAction":[{"@type":"SearchAction","target":{"@type":"EntryPoint","urlTemplate":"https:\/\/henri-beaufour.com\/?s={search_term_string}"},"query-input":{"@type":"PropertyValueSpecification","valueRequired":true,"valueName":"search_term_string"}}],"inLanguage":"en-GB"}]}},"_links":{"self":[{"href":"https:\/\/henri-beaufour.com\/en\/wp-json\/wp\/v2\/pages\/1078","targetHints":{"allow":["GET"]}}],"collection":[{"href":"https:\/\/henri-beaufour.com\/en\/wp-json\/wp\/v2\/pages"}],"about":[{"href":"https:\/\/henri-beaufour.com\/en\/wp-json\/wp\/v2\/types\/page"}],"author":[{"embeddable":true,"href":"https:\/\/henri-beaufour.com\/en\/wp-json\/wp\/v2\/users\/3"}],"replies":[{"embeddable":true,"href":"https:\/\/henri-beaufour.com\/en\/wp-json\/wp\/v2\/comments?post=1078"}],"version-history":[{"count":18,"href":"https:\/\/henri-beaufour.com\/en\/wp-json\/wp\/v2\/pages\/1078\/revisions"}],"predecessor-version":[{"id":1270,"href":"https:\/\/henri-beaufour.com\/en\/wp-json\/wp\/v2\/pages\/1078\/revisions\/1270"}],"wp:attachment":[{"href":"https:\/\/henri-beaufour.com\/en\/wp-json\/wp\/v2\/media?parent=1078"}],"wp:term":[{"taxonomy":"folder","embeddable":true,"href":"https:\/\/henri-beaufour.com\/en\/wp-json\/wp\/v2\/folder?post=1078"}],"curies":[{"name":"wp","href":"https:\/\/api.w.org\/{rel}","templated":true}]}}