{"id":1086,"date":"2025-02-27T10:24:23","date_gmt":"2025-02-27T09:24:23","guid":{"rendered":"https:\/\/henri-beaufour.com\/?page_id=1086"},"modified":"2025-02-27T16:32:15","modified_gmt":"2025-02-27T15:32:15","slug":"henri-par-massimo-bertozzi","status":"publish","type":"page","link":"https:\/\/henri-beaufour.com\/en\/henri-par-massimo-bertozzi\/","title":{"rendered":"\u00abHenri\u00bb <\/br> Text written by Massimo Bertozzi"},"content":{"rendered":"<div data-elementor-type=\"wp-page\" data-elementor-id=\"1086\" class=\"elementor elementor-1086\" data-elementor-post-type=\"page\">\n\t\t\t\t<div data-particle_enable=\"false\" data-particle-mobile-disabled=\"false\" class=\"elementor-element elementor-element-d708ec9 e-flex e-con-boxed e-con e-parent\" data-id=\"d708ec9\" data-element_type=\"container\" data-e-type=\"container\" data-settings=\"{&quot;jet_parallax_layout_list&quot;:[]}\">\n\t\t\t\t\t<div class=\"e-con-inner\">\n\t\t<div data-particle_enable=\"false\" data-particle-mobile-disabled=\"false\" class=\"elementor-element elementor-element-620cbe3 e-con-full e-flex e-con e-child\" data-id=\"620cbe3\" data-element_type=\"container\" data-e-type=\"container\" data-settings=\"{&quot;jet_parallax_layout_list&quot;:[]}\">\n\t\t<div data-particle_enable=\"false\" data-particle-mobile-disabled=\"false\" class=\"elementor-element elementor-element-0c1820a e-con-full e-flex e-con e-child\" data-id=\"0c1820a\" data-element_type=\"container\" data-e-type=\"container\" data-settings=\"{&quot;jet_parallax_layout_list&quot;:[]}\">\n\t\t\t\t<div class=\"elementor-element elementor-element-cecfcbc elementor-widget elementor-widget-heading\" data-id=\"cecfcbc\" data-element_type=\"widget\" data-e-type=\"widget\" data-widget_type=\"heading.default\">\n\t\t\t\t<div class=\"elementor-widget-container\">\n\t\t\t\t\t<p class=\"elementor-heading-title elementor-size-default\">\u00ab Henri \u00bb  <br \/>Text written by Massimo Bertozzi<\/p>\t\t\t\t<\/div>\n\t\t\t\t<\/div>\n\t\t\t\t<div class=\"elementor-element elementor-element-1270fe8 elementor-widget elementor-widget-text-editor\" data-id=\"1270fe8\" data-element_type=\"widget\" data-e-type=\"widget\" data-widget_type=\"text-editor.default\">\n\t\t\t\t<div class=\"elementor-widget-container\">\n\t\t\t\t\t\t\t\t\t<p><em>Le clair que tu hais vient du noir qui te manque.<\/em><\/p><p>Jean-Pierre Velly<\/p><p>Relief engraving is a practice that consists of removing material, whether from the softness of linoleum or the hardness of wood. But in reality, the result it aims for is the very opposite: a drawing out, through the highlighting of its contours, of an image seemingly suspended, as if taken unawares in the act of becoming, in the fragile interplay between solids and voids.\n\n\u201cAs a xylographer,\u201d said Lorenzo Viani, \u201cI use a scalpel to remove the excess wood that covers the image.\u201d But that wasn\u2019t really quite how it worked, and even less so for a sculptor like Henri Beaufour, whose awareness of the images he unveils runs deep and clear.<\/p><p>Indeed, for Henri, even this form of engraving remains an extension of his passion for drawing: another way of leaving a mark, different from the velvety lines of the pencil or the brilliant lines of the pen, but also different from those employed in etching, incised using a point and softened with acid.\n\nAnd so, what is immediately striking is the clarity of the flatness of the space, punctuated in perfunctory fashion by the simple, visually compact and almost geometric profiles of the bodies, despite the articulated development of the lines. It is also the contrast between the metaphysical blackness of the backgrounds and the frenzied lines in the foreground, but what impresses above all is the monumental structure of the subjects, giving the pose of the images a dialectal solemnity, alien to any aestheticism, and lending them an earthy physicality of surly faces, hard stares, strong hands, and bare feet.<\/p><p>His figures, each in their own bizarre way and at odds with the world, are embedded in the linoleum paste with unforgettable energy \u2014 a sea of austere faces and angular characters. So many slender and stylised subjects, delivered with sparse white lines cut into the black background of the paper; pallid faces emerging from a sea of ink; men and women, old and young, with looks at once suggesting their readiness to grab life with both hands, yet betraying the resignation of too many defeats; whatever the case, a collection of images revealed by next to nothing, and wherein the scarcity of the line is functional to the eloquence of the expression.<\/p><p>And then there are portraits with more character, those of almost physiognomic suggestion, in which an interest in expression prevails, whether grotesque or pathetic; where, through a simple, rigorous, and almost detached form, Henri records the variety of the human face with rationalist vigour and humorous exploration, grappling not so much with changes of mood as with the influences of deeper psychological and sentimental states.\n\nSometimes, the line appears more narrative \u2014 denser and more fiery \u2014 almost ready to bring out the depth of a space that is actually printed on the surface. Either way, the architectural structure of the figures always retains its essential geometry, the body of its volumes, its balance in space.\n\nHis cut-out narration, punctuated just as much by small cuts in the outlines as by breaks in the lines, succeeds in remaining malleable and fluid, even in places where it must emphasise a void. The effect thus achieved is one of great homogeneity and of regularity of strokes, even where the work is denser and more articulated, supported by the ability to propagate and extend across its surface a continuous and restless vibration, capable of involving the observer body and soul.<\/p><p>And he does this without forcing the issue, even when wrestling with certain geometric constraints, such as one head that is square like a cardboard box, or another that is faceted like a primitive mask with hints of cubism: These, Henri resolves in a lively decomposition of the planes, without ever impeding on the volumes or flattening the spaces.\n\nIn this respect, we would like to underscore the way in which Henri Beaufour does his utmost to eliminate the risk of two-dimensionality, as much in the extreme synthesis of bi-chromatism as in the space of large flat areas, the better to restore to the image its three dimensions, the thickness of the figures, and the depth of the space.\n\nAnd so it is that the fluid development of the lines organising space and defining volumes with a bare minimum of detailed strokes is superimposed on the flat darkness of the backgrounds, those spaces that are almost absolute, empty, and unreal \u2014 as if punctuating the small variations in light, marking out shadows but avoiding any decorative excess.<\/p><p>The contrast between light and shadow is established through rapid and sudden incisions that are reduced in size, with no need for highlights or blurred breakthroughs. This leaves the physical force of the cut intact and gives the hollowing out of the material a vertiginous depth, with sinuous, continuous lines that sculpt the shapes and planes, focusing any residual light on the faces and hands.<\/p><p>Sometimes, of course, it can happen that Henri allows himself to be overtaken by a certain expressive ardour. Then, and only then, do his outlines become extremely marked, the lines shortening and breaking, preparing the image for a synthetic rigidity approaching that of certain Expressionist xylographs \u2014 those of one Kirchner, for example \u2014 but always far less cold and, above all, less measured than his.\n\nHis figures are always synthesised and fixed in a gesture, a grimace, a characteristic sign, with the simplicity of the white chalk that drew our childhood impressions on the blackboard.<\/p><p>The furrow of the engraving conveys a strong expressive charge but also more fragile emotional suggestions. Of course, the taste for synthesis and the speed of the gesture admittedly sometimes give way to distortions that exasperate the details, touching and deforming a boxer\u2019s nose, spilling over into a dancer\u2019s physique, or making a mockery of animal forms and drooping cellulite. But afterwards, everything comes into its own in the gaze of a sad clown, in the serene innocence of a gorilla, and even in the frenetic vibrations of a bee\u2019s wings.<\/p><p>Because whatever the case, these subjects are always possessed of a monumental austerity, a seriousness that brooks neither vulgarity nor laughter. The proud and untamed appearance they maintain, their noble attitude, stems above all else from Henri Beaufour\u2019s profound respect for his work, which in his case means respect for mankind and for nature.<\/p>\t\t\t\t\t\t\t\t<\/div>\n\t\t\t\t<\/div>\n\t\t\t\t<\/div>\n\t\t\t\t<\/div>\n\t\t\t\t\t<\/div>\n\t\t\t\t<\/div>\n\t\t\t\t<\/div>","protected":false},"excerpt":{"rendered":"<p>\u00ab Henri \u00bb par Massimo Bertozzi Le clair que tu hais vient du noir qui te manque. Jean-Pierre Velly La gravure en relief, dans la mati\u00e8re molle du linol\u00e9um ou dans la substance dure du bois, est une pratique qui consiste \u00e0 \u00f4ter de la mati\u00e8re mais qui en r\u00e9alit\u00e9 vise au r\u00e9sultat contraire : [&hellip;]<\/p>\n","protected":false},"author":3,"featured_media":0,"parent":0,"menu_order":0,"comment_status":"closed","ping_status":"closed","template":"","meta":{"_acf_changed":false,"footnotes":""},"folder":[],"class_list":["post-1086","page","type-page","status-publish","hentry"],"acf":[],"yoast_head":"<!-- This site is optimized with the Yoast SEO plugin v27.3 - https:\/\/yoast.com\/product\/yoast-seo-wordpress\/ -->\n<title>\u00abHenri\u00bb par Massimo Bertozzi - Henri Beaufour<\/title>\n<meta name=\"robots\" content=\"index, follow, max-snippet:-1, max-image-preview:large, max-video-preview:-1\" \/>\n<link rel=\"canonical\" href=\"https:\/\/henri-beaufour.com\/en\/henri-par-massimo-bertozzi\/\" \/>\n<meta property=\"og:locale\" content=\"en_GB\" \/>\n<meta property=\"og:type\" content=\"article\" \/>\n<meta property=\"og:title\" content=\"\u00abHenri\u00bb par Massimo Bertozzi - Henri Beaufour\" \/>\n<meta property=\"og:description\" content=\"\u00ab Henri \u00bb par Massimo Bertozzi Le clair que tu hais vient du noir qui te manque. Jean-Pierre Velly La gravure en relief, dans la mati\u00e8re molle du linol\u00e9um ou dans la substance dure du bois, est une pratique qui consiste \u00e0 \u00f4ter de la mati\u00e8re mais qui en r\u00e9alit\u00e9 vise au r\u00e9sultat contraire : [&hellip;]\" \/>\n<meta property=\"og:url\" content=\"https:\/\/henri-beaufour.com\/en\/henri-par-massimo-bertozzi\/\" \/>\n<meta property=\"og:site_name\" content=\"Henri Beaufour\" \/>\n<meta property=\"article:modified_time\" content=\"2025-02-27T15:32:15+00:00\" \/>\n<meta name=\"twitter:card\" content=\"summary_large_image\" \/>\n<meta name=\"twitter:label1\" content=\"Estimated reading time\" \/>\n\t<meta name=\"twitter:data1\" content=\"6 minutes\" \/>\n<script type=\"application\/ld+json\" class=\"yoast-schema-graph\">{\"@context\":\"https:\\\/\\\/schema.org\",\"@graph\":[{\"@type\":\"WebPage\",\"@id\":\"https:\\\/\\\/henri-beaufour.com\\\/henri-par-massimo-bertozzi\\\/\",\"url\":\"https:\\\/\\\/henri-beaufour.com\\\/henri-par-massimo-bertozzi\\\/\",\"name\":\"\u00abHenri\u00bb par Massimo Bertozzi - Henri Beaufour\",\"isPartOf\":{\"@id\":\"https:\\\/\\\/henri-beaufour.com\\\/#website\"},\"datePublished\":\"2025-02-27T09:24:23+00:00\",\"dateModified\":\"2025-02-27T15:32:15+00:00\",\"breadcrumb\":{\"@id\":\"https:\\\/\\\/henri-beaufour.com\\\/henri-par-massimo-bertozzi\\\/#breadcrumb\"},\"inLanguage\":\"en-GB\",\"potentialAction\":[{\"@type\":\"ReadAction\",\"target\":[\"https:\\\/\\\/henri-beaufour.com\\\/henri-par-massimo-bertozzi\\\/\"]}]},{\"@type\":\"BreadcrumbList\",\"@id\":\"https:\\\/\\\/henri-beaufour.com\\\/henri-par-massimo-bertozzi\\\/#breadcrumb\",\"itemListElement\":[{\"@type\":\"ListItem\",\"position\":1,\"name\":\"Accueil\",\"item\":\"https:\\\/\\\/henri-beaufour.com\\\/\"},{\"@type\":\"ListItem\",\"position\":2,\"name\":\"\u00abHenri\u00bb par Massimo Bertozzi\"}]},{\"@type\":\"WebSite\",\"@id\":\"https:\\\/\\\/henri-beaufour.com\\\/#website\",\"url\":\"https:\\\/\\\/henri-beaufour.com\\\/\",\"name\":\"Henri Beaufour\",\"description\":\"\",\"potentialAction\":[{\"@type\":\"SearchAction\",\"target\":{\"@type\":\"EntryPoint\",\"urlTemplate\":\"https:\\\/\\\/henri-beaufour.com\\\/?s={search_term_string}\"},\"query-input\":{\"@type\":\"PropertyValueSpecification\",\"valueRequired\":true,\"valueName\":\"search_term_string\"}}],\"inLanguage\":\"en-GB\"}]}<\/script>\n<!-- \/ Yoast SEO plugin. -->","yoast_head_json":{"title":"\u00abHenri\u00bb par Massimo Bertozzi - Henri Beaufour","robots":{"index":"index","follow":"follow","max-snippet":"max-snippet:-1","max-image-preview":"max-image-preview:large","max-video-preview":"max-video-preview:-1"},"canonical":"https:\/\/henri-beaufour.com\/en\/henri-par-massimo-bertozzi\/","og_locale":"en_GB","og_type":"article","og_title":"\u00abHenri\u00bb par Massimo Bertozzi - Henri Beaufour","og_description":"\u00ab Henri \u00bb par Massimo Bertozzi Le clair que tu hais vient du noir qui te manque. Jean-Pierre Velly La gravure en relief, dans la mati\u00e8re molle du linol\u00e9um ou dans la substance dure du bois, est une pratique qui consiste \u00e0 \u00f4ter de la mati\u00e8re mais qui en r\u00e9alit\u00e9 vise au r\u00e9sultat contraire : [&hellip;]","og_url":"https:\/\/henri-beaufour.com\/en\/henri-par-massimo-bertozzi\/","og_site_name":"Henri Beaufour","article_modified_time":"2025-02-27T15:32:15+00:00","twitter_card":"summary_large_image","twitter_misc":{"Estimated reading time":"6 minutes"},"schema":{"@context":"https:\/\/schema.org","@graph":[{"@type":"WebPage","@id":"https:\/\/henri-beaufour.com\/henri-par-massimo-bertozzi\/","url":"https:\/\/henri-beaufour.com\/henri-par-massimo-bertozzi\/","name":"\u00abHenri\u00bb par Massimo Bertozzi - Henri Beaufour","isPartOf":{"@id":"https:\/\/henri-beaufour.com\/#website"},"datePublished":"2025-02-27T09:24:23+00:00","dateModified":"2025-02-27T15:32:15+00:00","breadcrumb":{"@id":"https:\/\/henri-beaufour.com\/henri-par-massimo-bertozzi\/#breadcrumb"},"inLanguage":"en-GB","potentialAction":[{"@type":"ReadAction","target":["https:\/\/henri-beaufour.com\/henri-par-massimo-bertozzi\/"]}]},{"@type":"BreadcrumbList","@id":"https:\/\/henri-beaufour.com\/henri-par-massimo-bertozzi\/#breadcrumb","itemListElement":[{"@type":"ListItem","position":1,"name":"Accueil","item":"https:\/\/henri-beaufour.com\/"},{"@type":"ListItem","position":2,"name":"\u00abHenri\u00bb par Massimo Bertozzi"}]},{"@type":"WebSite","@id":"https:\/\/henri-beaufour.com\/#website","url":"https:\/\/henri-beaufour.com\/","name":"Henri Beaufour","description":"","potentialAction":[{"@type":"SearchAction","target":{"@type":"EntryPoint","urlTemplate":"https:\/\/henri-beaufour.com\/?s={search_term_string}"},"query-input":{"@type":"PropertyValueSpecification","valueRequired":true,"valueName":"search_term_string"}}],"inLanguage":"en-GB"}]}},"_links":{"self":[{"href":"https:\/\/henri-beaufour.com\/en\/wp-json\/wp\/v2\/pages\/1086","targetHints":{"allow":["GET"]}}],"collection":[{"href":"https:\/\/henri-beaufour.com\/en\/wp-json\/wp\/v2\/pages"}],"about":[{"href":"https:\/\/henri-beaufour.com\/en\/wp-json\/wp\/v2\/types\/page"}],"author":[{"embeddable":true,"href":"https:\/\/henri-beaufour.com\/en\/wp-json\/wp\/v2\/users\/3"}],"replies":[{"embeddable":true,"href":"https:\/\/henri-beaufour.com\/en\/wp-json\/wp\/v2\/comments?post=1086"}],"version-history":[{"count":15,"href":"https:\/\/henri-beaufour.com\/en\/wp-json\/wp\/v2\/pages\/1086\/revisions"}],"predecessor-version":[{"id":1149,"href":"https:\/\/henri-beaufour.com\/en\/wp-json\/wp\/v2\/pages\/1086\/revisions\/1149"}],"wp:attachment":[{"href":"https:\/\/henri-beaufour.com\/en\/wp-json\/wp\/v2\/media?parent=1086"}],"wp:term":[{"taxonomy":"folder","embeddable":true,"href":"https:\/\/henri-beaufour.com\/en\/wp-json\/wp\/v2\/folder?post=1086"}],"curies":[{"name":"wp","href":"https:\/\/api.w.org\/{rel}","templated":true}]}}