{"id":12,"date":"2025-01-21T23:32:27","date_gmt":"2025-01-21T22:32:27","guid":{"rendered":"https:\/\/henri-beaufour.com\/?page_id=12"},"modified":"2025-02-25T01:35:57","modified_gmt":"2025-02-25T00:35:57","slug":"home","status":"publish","type":"page","link":"https:\/\/henri-beaufour.com\/en\/","title":{"rendered":"Home"},"content":{"rendered":"","protected":false},"excerpt":{"rendered":"","protected":false},"author":1,"featured_media":977,"parent":0,"menu_order":0,"comment_status":"closed","ping_status":"closed","template":"elementor_header_footer","meta":{"_acf_changed":false,"footnotes":""},"folder":[],"class_list":["post-12","page","type-page","status-publish","has-post-thumbnail","hentry"],"acf":[],"yoast_head":"<!-- This site is optimized with the Yoast SEO plugin v27.3 - https:\/\/yoast.com\/product\/yoast-seo-wordpress\/ -->\n<title>Henri Beaufour \u2013 Artiste plasticien | Sculpture, peinture et gravure<\/title>\n<meta name=\"description\" content=\"D\u00e9couvrez l\u2019univers d\u2019Henri Beaufour, artiste prot\u00e9iforme m\u00ealant sculpture, peinture, gravure et c\u00e9ramique. Son expressionnisme puissant...\" \/>\n<meta name=\"robots\" content=\"index, follow, max-snippet:-1, max-image-preview:large, max-video-preview:-1\" \/>\n<link rel=\"canonical\" href=\"https:\/\/henri-beaufour.com\/en\/\" \/>\n<meta property=\"og:locale\" content=\"en_GB\" \/>\n<meta property=\"og:type\" content=\"article\" \/>\n<meta property=\"og:title\" content=\"Henri Beaufour \u2013 Artiste plasticien | Sculpture, peinture et gravure\" \/>\n<meta property=\"og:description\" content=\"D\u00e9couvrez l\u2019univers d\u2019Henri Beaufour, artiste prot\u00e9iforme m\u00ealant sculpture, peinture, gravure et c\u00e9ramique. Son expressionnisme puissant...\" \/>\n<meta property=\"og:url\" content=\"https:\/\/henri-beaufour.com\/en\/\" \/>\n<meta property=\"og:site_name\" content=\"Henri Beaufour\" \/>\n<meta property=\"article:modified_time\" content=\"2025-02-25T00:35:57+00:00\" \/>\n<meta property=\"og:image\" content=\"https:\/\/henri-beaufour.com\/wp-content\/uploads\/2025\/02\/Design-sans-titre.png\" \/>\n\t<meta property=\"og:image:width\" content=\"1748\" \/>\n\t<meta property=\"og:image:height\" content=\"1240\" \/>\n\t<meta property=\"og:image:type\" content=\"image\/png\" \/>\n<meta name=\"twitter:card\" content=\"summary_large_image\" \/>\n<script type=\"application\/ld+json\" class=\"yoast-schema-graph\">{\"@context\":\"https:\\\/\\\/schema.org\",\"@graph\":[{\"@type\":\"WebPage\",\"@id\":\"https:\\\/\\\/henri-beaufour.com\\\/\",\"url\":\"https:\\\/\\\/henri-beaufour.com\\\/\",\"name\":\"Henri Beaufour \u2013 Artiste plasticien | Sculpture, peinture et gravure\",\"isPartOf\":{\"@id\":\"https:\\\/\\\/henri-beaufour.com\\\/#website\"},\"primaryImageOfPage\":{\"@id\":\"https:\\\/\\\/henri-beaufour.com\\\/#primaryimage\"},\"image\":{\"@id\":\"https:\\\/\\\/henri-beaufour.com\\\/#primaryimage\"},\"thumbnailUrl\":\"https:\\\/\\\/henri-beaufour.com\\\/wp-content\\\/uploads\\\/2025\\\/02\\\/Design-sans-titre.png\",\"datePublished\":\"2025-01-21T22:32:27+00:00\",\"dateModified\":\"2025-02-25T00:35:57+00:00\",\"description\":\"D\u00e9couvrez l\u2019univers d\u2019Henri Beaufour, artiste prot\u00e9iforme m\u00ealant sculpture, peinture, gravure et c\u00e9ramique. Son expressionnisme puissant...\",\"breadcrumb\":{\"@id\":\"https:\\\/\\\/henri-beaufour.com\\\/#breadcrumb\"},\"inLanguage\":\"en-GB\",\"potentialAction\":[{\"@type\":\"ReadAction\",\"target\":[\"https:\\\/\\\/henri-beaufour.com\\\/\"]}]},{\"@type\":\"ImageObject\",\"inLanguage\":\"en-GB\",\"@id\":\"https:\\\/\\\/henri-beaufour.com\\\/#primaryimage\",\"url\":\"https:\\\/\\\/henri-beaufour.com\\\/wp-content\\\/uploads\\\/2025\\\/02\\\/Design-sans-titre.png\",\"contentUrl\":\"https:\\\/\\\/henri-beaufour.com\\\/wp-content\\\/uploads\\\/2025\\\/02\\\/Design-sans-titre.png\",\"width\":1748,\"height\":1240},{\"@type\":\"BreadcrumbList\",\"@id\":\"https:\\\/\\\/henri-beaufour.com\\\/#breadcrumb\",\"itemListElement\":[{\"@type\":\"ListItem\",\"position\":1,\"name\":\"Accueil\",\"item\":\"https:\\\/\\\/henri-beaufour.com\\\/\"},{\"@type\":\"ListItem\",\"position\":2,\"name\":\"Home\"}]},{\"@type\":\"WebSite\",\"@id\":\"https:\\\/\\\/henri-beaufour.com\\\/#website\",\"url\":\"https:\\\/\\\/henri-beaufour.com\\\/\",\"name\":\"Henri Beaufour\",\"description\":\"\",\"potentialAction\":[{\"@type\":\"SearchAction\",\"target\":{\"@type\":\"EntryPoint\",\"urlTemplate\":\"https:\\\/\\\/henri-beaufour.com\\\/?s={search_term_string}\"},\"query-input\":{\"@type\":\"PropertyValueSpecification\",\"valueRequired\":true,\"valueName\":\"search_term_string\"}}],\"inLanguage\":\"en-GB\"}]}<\/script>\n<!-- \/ Yoast SEO plugin. -->","yoast_head_json":{"title":"Henri Beaufour \u2013 Artiste plasticien | Sculpture, peinture et gravure","description":"D\u00e9couvrez l\u2019univers d\u2019Henri Beaufour, artiste prot\u00e9iforme m\u00ealant sculpture, peinture, gravure et c\u00e9ramique. Son expressionnisme puissant...","robots":{"index":"index","follow":"follow","max-snippet":"max-snippet:-1","max-image-preview":"max-image-preview:large","max-video-preview":"max-video-preview:-1"},"canonical":"https:\/\/henri-beaufour.com\/en\/","og_locale":"en_GB","og_type":"article","og_title":"Henri Beaufour \u2013 Artiste plasticien | Sculpture, peinture et gravure","og_description":"D\u00e9couvrez l\u2019univers d\u2019Henri Beaufour, artiste prot\u00e9iforme m\u00ealant sculpture, peinture, gravure et c\u00e9ramique. Son expressionnisme puissant...","og_url":"https:\/\/henri-beaufour.com\/en\/","og_site_name":"Henri Beaufour","article_modified_time":"2025-02-25T00:35:57+00:00","og_image":[{"width":1748,"height":1240,"url":"https:\/\/henri-beaufour.com\/wp-content\/uploads\/2025\/02\/Design-sans-titre.png","type":"image\/png"}],"twitter_card":"summary_large_image","schema":{"@context":"https:\/\/schema.org","@graph":[{"@type":"WebPage","@id":"https:\/\/henri-beaufour.com\/","url":"https:\/\/henri-beaufour.com\/","name":"Henri Beaufour \u2013 Artiste plasticien | Sculpture, peinture et gravure","isPartOf":{"@id":"https:\/\/henri-beaufour.com\/#website"},"primaryImageOfPage":{"@id":"https:\/\/henri-beaufour.com\/#primaryimage"},"image":{"@id":"https:\/\/henri-beaufour.com\/#primaryimage"},"thumbnailUrl":"https:\/\/henri-beaufour.com\/wp-content\/uploads\/2025\/02\/Design-sans-titre.png","datePublished":"2025-01-21T22:32:27+00:00","dateModified":"2025-02-25T00:35:57+00:00","description":"D\u00e9couvrez l\u2019univers d\u2019Henri Beaufour, artiste prot\u00e9iforme m\u00ealant sculpture, peinture, gravure et c\u00e9ramique. Son expressionnisme puissant...","breadcrumb":{"@id":"https:\/\/henri-beaufour.com\/#breadcrumb"},"inLanguage":"en-GB","potentialAction":[{"@type":"ReadAction","target":["https:\/\/henri-beaufour.com\/"]}]},{"@type":"ImageObject","inLanguage":"en-GB","@id":"https:\/\/henri-beaufour.com\/#primaryimage","url":"https:\/\/henri-beaufour.com\/wp-content\/uploads\/2025\/02\/Design-sans-titre.png","contentUrl":"https:\/\/henri-beaufour.com\/wp-content\/uploads\/2025\/02\/Design-sans-titre.png","width":1748,"height":1240},{"@type":"BreadcrumbList","@id":"https:\/\/henri-beaufour.com\/#breadcrumb","itemListElement":[{"@type":"ListItem","position":1,"name":"Accueil","item":"https:\/\/henri-beaufour.com\/"},{"@type":"ListItem","position":2,"name":"Home"}]},{"@type":"WebSite","@id":"https:\/\/henri-beaufour.com\/#website","url":"https:\/\/henri-beaufour.com\/","name":"Henri Beaufour","description":"","potentialAction":[{"@type":"SearchAction","target":{"@type":"EntryPoint","urlTemplate":"https:\/\/henri-beaufour.com\/?s={search_term_string}"},"query-input":{"@type":"PropertyValueSpecification","valueRequired":true,"valueName":"search_term_string"}}],"inLanguage":"en-GB"}]}},"_links":{"self":[{"href":"https:\/\/henri-beaufour.com\/en\/wp-json\/wp\/v2\/pages\/12","targetHints":{"allow":["GET"]}}],"collection":[{"href":"https:\/\/henri-beaufour.com\/en\/wp-json\/wp\/v2\/pages"}],"about":[{"href":"https:\/\/henri-beaufour.com\/en\/wp-json\/wp\/v2\/types\/page"}],"author":[{"embeddable":true,"href":"https:\/\/henri-beaufour.com\/en\/wp-json\/wp\/v2\/users\/1"}],"replies":[{"embeddable":true,"href":"https:\/\/henri-beaufour.com\/en\/wp-json\/wp\/v2\/comments?post=12"}],"version-history":[{"count":5,"href":"https:\/\/henri-beaufour.com\/en\/wp-json\/wp\/v2\/pages\/12\/revisions"}],"predecessor-version":[{"id":815,"href":"https:\/\/henri-beaufour.com\/en\/wp-json\/wp\/v2\/pages\/12\/revisions\/815"}],"wp:featuredmedia":[{"embeddable":true,"href":"https:\/\/henri-beaufour.com\/en\/wp-json\/wp\/v2\/media\/977"}],"wp:attachment":[{"href":"https:\/\/henri-beaufour.com\/en\/wp-json\/wp\/v2\/media?parent=12"}],"wp:term":[{"taxonomy":"folder","embeddable":true,"href":"https:\/\/henri-beaufour.com\/en\/wp-json\/wp\/v2\/folder?post=12"}],"curies":[{"name":"wp","href":"https:\/\/api.w.org\/{rel}","templated":true}]}}