{"id":1244,"date":"2025-03-06T08:01:13","date_gmt":"2025-03-06T07:01:13","guid":{"rendered":"https:\/\/henri-beaufour.com\/?page_id=1244"},"modified":"2025-03-06T08:02:41","modified_gmt":"2025-03-06T07:02:41","slug":"slider-catalogue","status":"publish","type":"page","link":"https:\/\/henri-beaufour.com\/en\/slider-catalogue\/","title":{"rendered":"slider &#8211; catalogue"},"content":{"rendered":"<div data-elementor-type=\"wp-page\" data-elementor-id=\"1244\" class=\"elementor elementor-1244\" data-elementor-post-type=\"page\">\n\t\t\t\t<div data-particle_enable=\"false\" data-particle-mobile-disabled=\"false\" class=\"elementor-element elementor-element-2206d54 e-flex e-con-boxed e-con e-parent\" data-id=\"2206d54\" data-element_type=\"container\" data-e-type=\"container\" data-settings=\"{&quot;jet_parallax_layout_list&quot;:[]}\">\n\t\t\t\t\t<div class=\"e-con-inner\">\n\t\t\t\t<div class=\"elementor-element elementor-element-218b0b4 elementor-widget elementor-widget-shortcode\" data-id=\"218b0b4\" data-element_type=\"widget\" data-e-type=\"widget\" data-widget_type=\"shortcode.default\">\n\t\t\t\t<div class=\"elementor-widget-container\">\n\t\t\t\t\t\t\t<div class=\"elementor-shortcode\"><div class=\"hb-oeuvres-container\" data-slider-type=\"catalogue\"><nav class=\"hb-artistic-nav\"><button class=\"hb-nav-arrow prev\" aria-label=\"Collection pr\u00e9c\u00e9dente\"><svg width=\"48\" height=\"48\" viewbox=\"0 0 48 48\" fill=\"none\" xmlns=\"http:\/\/www.w3.org\/2000\/svg\">\n    <path d=\"M30 8L14 24L30 40\" stroke=\"#e01d18\" stroke-width=\"3\" stroke-linecap=\"round\" stroke-linejoin=\"round\"\/>\n<\/svg>\n<\/button><a class=\"hb-initials\" href=\"\/en\/\">HB<\/a><div class=\"hb-right-nav\"><div class=\"hb-right-content\"><span class=\"hb-collection-name\"><\/span><\/div><button class=\"hb-nav-arrow next\" aria-label=\"Collection suivante\"><svg width=\"48\" height=\"48\" viewbox=\"0 0 48 48\" fill=\"none\" xmlns=\"http:\/\/www.w3.org\/2000\/svg\">\n    <path d=\"M18 8L34 24L18 40\" stroke=\"#e01d18\" stroke-width=\"3\" stroke-linecap=\"round\" stroke-linejoin=\"round\"\/>\n<\/svg>\n<\/button><\/div><\/nav><div class=\"hb-oeuvres-list\" data-target-collection=\"\" data-target-ordre=\"0\"><div class=\"hb-category-content\" data-category=\"catalogue-dipingere-painting\" data-category-name=\"Catalogue Dipingere \/ Painting par Valerio Deh\u00f2\"><div class=\"hb-oeuvre-item\" data-ordre=\"0\"><img decoding=\"async\" src=\"https:\/\/henri-beaufour.com\/wp-content\/uploads\/2025\/02\/Couv-catalogue-Deho3-2.jpg\" alt=\"\"><div class=\"hb-oeuvre-legende\"><div class=\"hb-oeuvre-titre\"><\/div><div class=\"hb-oeuvre-periode\">Prix de vente : 40,00 \u20ac<\/div><div class=\"hb-oeuvre-type\">Merci de nous contacter <\/div><div class=\"hb-oeuvre-dimensions\">pour toute commande.<\/div><\/div><\/div><div class=\"hb-oeuvre-item\" data-ordre=\"0\"><img decoding=\"async\" src=\"https:\/\/henri-beaufour.com\/wp-content\/uploads\/2025\/02\/13-1.jpg\" alt=\"\"><div class=\"hb-oeuvre-legende\"><div class=\"hb-oeuvre-titre\"><\/div><\/div><\/div><div class=\"hb-oeuvre-item\" data-ordre=\"0\"><img decoding=\"async\" src=\"https:\/\/henri-beaufour.com\/wp-content\/uploads\/2025\/02\/22-1.jpg\" alt=\"\"><div class=\"hb-oeuvre-legende\"><div class=\"hb-oeuvre-titre\"><\/div><\/div><\/div><div class=\"hb-oeuvre-item\" data-ordre=\"0\"><img decoding=\"async\" src=\"https:\/\/henri-beaufour.com\/wp-content\/uploads\/2025\/02\/33-1.jpg\" alt=\"\"><div class=\"hb-oeuvre-legende\"><div class=\"hb-oeuvre-titre\"><\/div><\/div><\/div><div class=\"hb-oeuvre-item\" data-ordre=\"0\"><img decoding=\"async\" src=\"https:\/\/henri-beaufour.com\/wp-content\/uploads\/2025\/02\/15-1.jpg\" alt=\"\"><div class=\"hb-oeuvre-legende\"><div class=\"hb-oeuvre-titre\"><\/div><\/div><\/div><div class=\"hb-oeuvre-item\" data-ordre=\"0\"><img decoding=\"async\" src=\"https:\/\/henri-beaufour.com\/wp-content\/uploads\/2025\/02\/64-1.jpg\" alt=\"\"><div class=\"hb-oeuvre-legende\"><div class=\"hb-oeuvre-titre\"><\/div><\/div><\/div><div class=\"hb-oeuvre-item\" data-ordre=\"0\"><img decoding=\"async\" src=\"https:\/\/henri-beaufour.com\/wp-content\/uploads\/2025\/02\/78-1.jpg\" alt=\"\"><div class=\"hb-oeuvre-legende\"><div class=\"hb-oeuvre-titre\"><\/div><\/div><\/div><\/div><div class=\"hb-category-content\" data-category=\"catalogue-la-scultura\" data-category-name=\"Catalogue La scultura \/ Sculpture par Luca Nanniperi\"><div class=\"hb-oeuvre-item\" data-ordre=\"0\"><img decoding=\"async\" src=\"https:\/\/henri-beaufour.com\/wp-content\/uploads\/2025\/02\/HENRI-BEAUFOUR-couv2-1-scaled.jpg\" alt=\"\"><div class=\"hb-oeuvre-legende\"><div class=\"hb-oeuvre-titre\"><\/div><\/div><\/div><div class=\"hb-oeuvre-item\" data-ordre=\"0\"><img decoding=\"async\" src=\"https:\/\/henri-beaufour.com\/wp-content\/uploads\/2025\/02\/05_11734_HenriBeaufour-MOD_Page_04-scaled.jpg\" alt=\"\"><div class=\"hb-oeuvre-legende\"><div class=\"hb-oeuvre-titre\"><\/div><\/div><\/div><div class=\"hb-oeuvre-item\" data-ordre=\"0\"><img decoding=\"async\" src=\"https:\/\/henri-beaufour.com\/wp-content\/uploads\/2025\/02\/05_11734_HenriBeaufour-MOD_Page_33-scaled.jpg\" alt=\"\"><div class=\"hb-oeuvre-legende\"><div class=\"hb-oeuvre-titre\"><\/div><\/div><\/div><div class=\"hb-oeuvre-item\" data-ordre=\"0\"><img decoding=\"async\" src=\"https:\/\/henri-beaufour.com\/wp-content\/uploads\/2025\/02\/05_11734_HenriBeaufour-MOD_Page_66-scaled.jpg\" alt=\"\"><div class=\"hb-oeuvre-legende\"><div class=\"hb-oeuvre-titre\"><\/div><\/div><\/div><div class=\"hb-oeuvre-item\" data-ordre=\"0\"><img decoding=\"async\" src=\"https:\/\/henri-beaufour.com\/wp-content\/uploads\/2025\/02\/05_11734_HenriBeaufour-MOD_Page_76-scaled.jpg\" alt=\"\"><div class=\"hb-oeuvre-legende\"><div class=\"hb-oeuvre-titre\"><\/div><\/div><\/div><div class=\"hb-oeuvre-item\" data-ordre=\"0\"><img decoding=\"async\" src=\"https:\/\/henri-beaufour.com\/wp-content\/uploads\/2025\/02\/05_11734_HenriBeaufour-MOD_Page_81-scaled.jpg\" alt=\"\"><div class=\"hb-oeuvre-legende\"><div class=\"hb-oeuvre-titre\"><\/div><\/div><\/div><div class=\"hb-oeuvre-item\" data-ordre=\"0\"><img decoding=\"async\" src=\"https:\/\/henri-beaufour.com\/wp-content\/uploads\/2025\/02\/05_11734_HenriBeaufour-MOD_Page_86-scaled.jpg\" alt=\"\"><div class=\"hb-oeuvre-legende\"><div class=\"hb-oeuvre-titre\"><\/div><\/div><\/div><\/div><\/div><\/div><\/div>\n\t\t\t\t\t\t<\/div>\n\t\t\t\t<\/div>\n\t\t\t\t\t<\/div>\n\t\t\t\t<\/div>\n\t\t<div data-particle_enable=\"false\" data-particle-mobile-disabled=\"false\" class=\"elementor-element elementor-element-c93bd91 e-flex e-con-boxed e-con e-parent\" data-id=\"c93bd91\" data-element_type=\"container\" data-e-type=\"container\" data-settings=\"{&quot;background_background&quot;:&quot;classic&quot;,&quot;jet_parallax_layout_list&quot;:[]}\">\n\t\t\t\t\t<div class=\"e-con-inner\">\n\t\t\t\t<div class=\"elementor-element elementor-element-250faaf elementor-widget elementor-widget-heading\" data-id=\"250faaf\" data-element_type=\"widget\" data-e-type=\"widget\" data-widget_type=\"heading.default\">\n\t\t\t\t<div class=\"elementor-widget-container\">\n\t\t\t\t\t<p class=\"elementor-heading-title elementor-size-default\">\u00a9 Henri Beaufour - Tous droits r\u00e9serv\u00e9s.<\/p>\t\t\t\t<\/div>\n\t\t\t\t<\/div>\n\t\t\t\t<div class=\"elementor-element elementor-element-a07f669 elementor-icon-list--layout-inline elementor-tablet-align-center elementor-widget-tablet__width-initial elementor-list-item-link-full_width elementor-widget elementor-widget-icon-list\" data-id=\"a07f669\" data-element_type=\"widget\" data-e-type=\"widget\" data-widget_type=\"icon-list.default\">\n\t\t\t\t<div class=\"elementor-widget-container\">\n\t\t\t\t\t\t\t<ul class=\"elementor-icon-list-items elementor-inline-items\">\n\t\t\t\t\t\t\t<li class=\"elementor-icon-list-item elementor-inline-item\">\n\t\t\t\t\t\t\t\t\t\t\t<a href=\"https:\/\/www.instagram.com\/henribeaufour\/\" target=\"_blank\">\n\n\t\t\t\t\t\t\t\t\t\t\t<span class=\"elementor-icon-list-text\">Instagram <\/span>\n\t\t\t\t\t\t\t\t\t\t\t<\/a>\n\t\t\t\t\t\t\t\t\t<\/li>\n\t\t\t\t\t\t\t\t<li class=\"elementor-icon-list-item elementor-inline-item\">\n\t\t\t\t\t\t\t\t\t\t\t<a href=\"https:\/\/henri-beaufour.com\/en\/contact\/\">\n\n\t\t\t\t\t\t\t\t\t\t\t<span class=\"elementor-icon-list-text\">Contact <\/span>\n\t\t\t\t\t\t\t\t\t\t\t<\/a>\n\t\t\t\t\t\t\t\t\t<\/li>\n\t\t\t\t\t\t\t\t<li class=\"elementor-icon-list-item elementor-inline-item\">\n\t\t\t\t\t\t\t\t\t\t\t<a href=\"https:\/\/henri-beaufour.com\/en\/cookies\/\">\n\n\t\t\t\t\t\t\t\t\t\t\t<span class=\"elementor-icon-list-text\">Cookies <\/span>\n\t\t\t\t\t\t\t\t\t\t\t<\/a>\n\t\t\t\t\t\t\t\t\t<\/li>\n\t\t\t\t\t\t\t\t<li class=\"elementor-icon-list-item elementor-inline-item\">\n\t\t\t\t\t\t\t\t\t\t\t<a href=\"https:\/\/henri-beaufour.com\/en\/conditions-generales-dutilisation\/\">\n\n\t\t\t\t\t\t\t\t\t\t\t<span class=\"elementor-icon-list-text\">Conditions g\u00e9n\u00e9rales d\u2019utilisation <\/span>\n\t\t\t\t\t\t\t\t\t\t\t<\/a>\n\t\t\t\t\t\t\t\t\t<\/li>\n\t\t\t\t\t\t\t\t<li class=\"elementor-icon-list-item elementor-inline-item\">\n\t\t\t\t\t\t\t\t\t\t\t<a href=\"https:\/\/henri-beaufour.com\/en\/politique-de-confidentialite\/\">\n\n\t\t\t\t\t\t\t\t\t\t\t<span class=\"elementor-icon-list-text\">Politique de confidentialit\u00e9 <\/span>\n\t\t\t\t\t\t\t\t\t\t\t<\/a>\n\t\t\t\t\t\t\t\t\t<\/li>\n\t\t\t\t\t\t\t\t<li class=\"elementor-icon-list-item elementor-inline-item\">\n\t\t\t\t\t\t\t\t\t\t\t<a href=\"https:\/\/henri-beaufour.com\/en\/mentions-legales\/\">\n\n\t\t\t\t\t\t\t\t\t\t\t<span class=\"elementor-icon-list-text\">Mentions l\u00e9gales<\/span>\n\t\t\t\t\t\t\t\t\t\t\t<\/a>\n\t\t\t\t\t\t\t\t\t<\/li>\n\t\t\t\t\t\t<\/ul>\n\t\t\t\t\t\t<\/div>\n\t\t\t\t<\/div>\n\t\t\t\t\t<\/div>\n\t\t\t\t<\/div>\n\t\t\t\t<\/div>","protected":false},"excerpt":{"rendered":"<p>\u00a9 Henri Beaufour &#8211; Tous droits r\u00e9serv\u00e9s. Instagram Contact Cookies Conditions g\u00e9n\u00e9rales d\u2019utilisation Politique de confidentialit\u00e9 Mentions l\u00e9gales<\/p>","protected":false},"author":2,"featured_media":0,"parent":0,"menu_order":0,"comment_status":"closed","ping_status":"closed","template":"elementor_canvas","meta":{"_acf_changed":false,"footnotes":""},"folder":[],"class_list":["post-1244","page","type-page","status-publish","hentry"],"acf":[],"yoast_head":"<!-- This site is optimized with the Yoast SEO plugin v27.4 - https:\/\/yoast.com\/product\/yoast-seo-wordpress\/ -->\n<title>slider - catalogue - Henri Beaufour<\/title>\n<meta name=\"robots\" content=\"index, follow, max-snippet:-1, max-image-preview:large, max-video-preview:-1\" \/>\n<link rel=\"canonical\" href=\"https:\/\/henri-beaufour.com\/en\/?page_id=1244\" \/>\n<meta property=\"og:locale\" content=\"en_GB\" \/>\n<meta property=\"og:type\" content=\"article\" \/>\n<meta property=\"og:title\" content=\"slider - catalogue - Henri Beaufour\" \/>\n<meta property=\"og:description\" content=\"\u00a9 Henri Beaufour &#8211; Tous droits r\u00e9serv\u00e9s. Instagram Contact Cookies Conditions g\u00e9n\u00e9rales d\u2019utilisation Politique de confidentialit\u00e9 Mentions l\u00e9gales\" \/>\n<meta property=\"og:url\" content=\"https:\/\/henri-beaufour.com\/en\/?page_id=1244\" \/>\n<meta property=\"og:site_name\" content=\"Henri Beaufour\" \/>\n<meta property=\"article:modified_time\" content=\"2025-03-06T07:02:41+00:00\" \/>\n<meta name=\"twitter:card\" content=\"summary_large_image\" \/>\n<meta name=\"twitter:label1\" content=\"Estimated reading time\" \/>\n\t<meta name=\"twitter:data1\" content=\"1 minute\" \/>\n<script type=\"application\/ld+json\" class=\"yoast-schema-graph\">{\"@context\":\"https:\\\/\\\/schema.org\",\"@graph\":[{\"@type\":\"WebPage\",\"@id\":\"https:\\\/\\\/henri-beaufour.com\\\/?page_id=1244\",\"url\":\"https:\\\/\\\/henri-beaufour.com\\\/?page_id=1244\",\"name\":\"slider - catalogue - Henri Beaufour\",\"isPartOf\":{\"@id\":\"https:\\\/\\\/henri-beaufour.com\\\/#website\"},\"datePublished\":\"2025-03-06T07:01:13+00:00\",\"dateModified\":\"2025-03-06T07:02:41+00:00\",\"breadcrumb\":{\"@id\":\"https:\\\/\\\/henri-beaufour.com\\\/?page_id=1244#breadcrumb\"},\"inLanguage\":\"en-GB\",\"potentialAction\":[{\"@type\":\"ReadAction\",\"target\":[\"https:\\\/\\\/henri-beaufour.com\\\/?page_id=1244\"]}]},{\"@type\":\"BreadcrumbList\",\"@id\":\"https:\\\/\\\/henri-beaufour.com\\\/?page_id=1244#breadcrumb\",\"itemListElement\":[{\"@type\":\"ListItem\",\"position\":1,\"name\":\"Accueil\",\"item\":\"https:\\\/\\\/henri-beaufour.com\\\/\"},{\"@type\":\"ListItem\",\"position\":2,\"name\":\"slider &#8211; catalogue\"}]},{\"@type\":\"WebSite\",\"@id\":\"https:\\\/\\\/henri-beaufour.com\\\/#website\",\"url\":\"https:\\\/\\\/henri-beaufour.com\\\/\",\"name\":\"Henri Beaufour\",\"description\":\"\",\"potentialAction\":[{\"@type\":\"SearchAction\",\"target\":{\"@type\":\"EntryPoint\",\"urlTemplate\":\"https:\\\/\\\/henri-beaufour.com\\\/?s={search_term_string}\"},\"query-input\":{\"@type\":\"PropertyValueSpecification\",\"valueRequired\":true,\"valueName\":\"search_term_string\"}}],\"inLanguage\":\"en-GB\"}]}<\/script>\n<!-- \/ Yoast SEO plugin. -->","yoast_head_json":{"title":"slider - catalogue - Henri Beaufour","robots":{"index":"index","follow":"follow","max-snippet":"max-snippet:-1","max-image-preview":"max-image-preview:large","max-video-preview":"max-video-preview:-1"},"canonical":"https:\/\/henri-beaufour.com\/en\/?page_id=1244","og_locale":"en_GB","og_type":"article","og_title":"slider - catalogue - Henri Beaufour","og_description":"\u00a9 Henri Beaufour &#8211; Tous droits r\u00e9serv\u00e9s. Instagram Contact Cookies Conditions g\u00e9n\u00e9rales d\u2019utilisation Politique de confidentialit\u00e9 Mentions l\u00e9gales","og_url":"https:\/\/henri-beaufour.com\/en\/?page_id=1244","og_site_name":"Henri Beaufour","article_modified_time":"2025-03-06T07:02:41+00:00","twitter_card":"summary_large_image","twitter_misc":{"Estimated reading time":"1 minute"},"schema":{"@context":"https:\/\/schema.org","@graph":[{"@type":"WebPage","@id":"https:\/\/henri-beaufour.com\/?page_id=1244","url":"https:\/\/henri-beaufour.com\/?page_id=1244","name":"slider - catalogue - Henri Beaufour","isPartOf":{"@id":"https:\/\/henri-beaufour.com\/#website"},"datePublished":"2025-03-06T07:01:13+00:00","dateModified":"2025-03-06T07:02:41+00:00","breadcrumb":{"@id":"https:\/\/henri-beaufour.com\/?page_id=1244#breadcrumb"},"inLanguage":"en-GB","potentialAction":[{"@type":"ReadAction","target":["https:\/\/henri-beaufour.com\/?page_id=1244"]}]},{"@type":"BreadcrumbList","@id":"https:\/\/henri-beaufour.com\/?page_id=1244#breadcrumb","itemListElement":[{"@type":"ListItem","position":1,"name":"Accueil","item":"https:\/\/henri-beaufour.com\/"},{"@type":"ListItem","position":2,"name":"slider &#8211; catalogue"}]},{"@type":"WebSite","@id":"https:\/\/henri-beaufour.com\/#website","url":"https:\/\/henri-beaufour.com\/","name":"Henri Beaufour","description":"","potentialAction":[{"@type":"SearchAction","target":{"@type":"EntryPoint","urlTemplate":"https:\/\/henri-beaufour.com\/?s={search_term_string}"},"query-input":{"@type":"PropertyValueSpecification","valueRequired":true,"valueName":"search_term_string"}}],"inLanguage":"en-GB"}]}},"_links":{"self":[{"href":"https:\/\/henri-beaufour.com\/en\/wp-json\/wp\/v2\/pages\/1244","targetHints":{"allow":["GET"]}}],"collection":[{"href":"https:\/\/henri-beaufour.com\/en\/wp-json\/wp\/v2\/pages"}],"about":[{"href":"https:\/\/henri-beaufour.com\/en\/wp-json\/wp\/v2\/types\/page"}],"author":[{"embeddable":true,"href":"https:\/\/henri-beaufour.com\/en\/wp-json\/wp\/v2\/users\/2"}],"replies":[{"embeddable":true,"href":"https:\/\/henri-beaufour.com\/en\/wp-json\/wp\/v2\/comments?post=1244"}],"version-history":[{"count":4,"href":"https:\/\/henri-beaufour.com\/en\/wp-json\/wp\/v2\/pages\/1244\/revisions"}],"predecessor-version":[{"id":1248,"href":"https:\/\/henri-beaufour.com\/en\/wp-json\/wp\/v2\/pages\/1244\/revisions\/1248"}],"wp:attachment":[{"href":"https:\/\/henri-beaufour.com\/en\/wp-json\/wp\/v2\/media?parent=1244"}],"wp:term":[{"taxonomy":"folder","embeddable":true,"href":"https:\/\/henri-beaufour.com\/en\/wp-json\/wp\/v2\/folder?post=1244"}],"curies":[{"name":"wp","href":"https:\/\/api.w.org\/{rel}","templated":true}]}}