{"id":674,"date":"2025-02-10T17:33:00","date_gmt":"2025-02-10T16:33:00","guid":{"rendered":"https:\/\/henri-beaufour.com\/?page_id=674"},"modified":"2025-02-12T16:39:36","modified_gmt":"2025-02-12T15:39:36","slug":"slider","status":"publish","type":"page","link":"https:\/\/henri-beaufour.com\/en\/slider\/","title":{"rendered":"slider"},"content":{"rendered":"<div data-elementor-type=\"wp-page\" data-elementor-id=\"674\" class=\"elementor elementor-674\" data-elementor-post-type=\"page\">\n\t\t\t\t<div data-particle_enable=\"false\" data-particle-mobile-disabled=\"false\" class=\"elementor-element elementor-element-2206d54 e-flex e-con-boxed e-con e-parent\" data-id=\"2206d54\" data-element_type=\"container\" data-e-type=\"container\" data-settings=\"{&quot;jet_parallax_layout_list&quot;:[]}\">\n\t\t\t\t\t<div class=\"e-con-inner\">\n\t\t\t\t<div class=\"elementor-element elementor-element-218b0b4 elementor-widget elementor-widget-shortcode\" data-id=\"218b0b4\" data-element_type=\"widget\" data-e-type=\"widget\" data-widget_type=\"shortcode.default\">\n\t\t\t\t<div class=\"elementor-widget-container\">\n\t\t\t\t\t\t\t<div class=\"elementor-shortcode\"><div class=\"hb-oeuvres-container\" data-slider-type=\"standard\"><nav class=\"hb-artistic-nav\"><button class=\"hb-nav-arrow prev\" aria-label=\"Collection pr\u00e9c\u00e9dente\"><svg width=\"48\" height=\"48\" viewbox=\"0 0 48 48\" fill=\"none\" xmlns=\"http:\/\/www.w3.org\/2000\/svg\">\n    <path d=\"M30 8L14 24L30 40\" stroke=\"#e01d18\" stroke-width=\"3\" stroke-linecap=\"round\" stroke-linejoin=\"round\"\/>\n<\/svg>\n<\/button><a class=\"hb-initials\" href=\"\/en\/\">HB<\/a><div class=\"hb-right-nav\"><div class=\"hb-right-content\"><span class=\"hb-collection-name\"><\/span><\/div><button class=\"hb-nav-arrow next\" aria-label=\"Collection suivante\"><svg width=\"48\" height=\"48\" viewbox=\"0 0 48 48\" fill=\"none\" xmlns=\"http:\/\/www.w3.org\/2000\/svg\">\n    <path d=\"M18 8L34 24L18 40\" stroke=\"#e01d18\" stroke-width=\"3\" stroke-linecap=\"round\" stroke-linejoin=\"round\"\/>\n<\/svg>\n<\/button><\/div><\/nav><div class=\"hb-oeuvres-list\" data-target-collection=\"\" data-target-ordre=\"0\"><div class=\"hb-category-content\" data-category=\"binarite\" data-category-name=\"Binarit\u00e9\"><div class=\"hb-oeuvre-item\" data-ordre=\"1\"><img decoding=\"async\" src=\"https:\/\/henri-beaufour.com\/wp-content\/uploads\/2025\/02\/President-de-Colombie.jpg\" alt=\"Monsieur le pr\u00e9sident de la Colombie\"><div class=\"hb-oeuvre-legende\"><div class=\"hb-oeuvre-titre\">Monsieur le pr\u00e9sident de la Colombie<\/div><div class=\"hb-oeuvre-periode\">2019<\/div><div class=\"hb-oeuvre-type\">Marbre, mise au point<\/div><div class=\"hb-oeuvre-dimensions\">33 x 30 x 22 cm<\/div><\/div><\/div><div class=\"hb-oeuvre-item\" data-ordre=\"2\"><img decoding=\"async\" src=\"https:\/\/henri-beaufour.com\/wp-content\/uploads\/2025\/02\/Sirene.jpg\" alt=\"La sir\u00e8ne\"><div class=\"hb-oeuvre-legende\"><div class=\"hb-oeuvre-titre\">La sir\u00e8ne<\/div><div class=\"hb-oeuvre-periode\">Sans titre<\/div><div class=\"hb-oeuvre-type\">Marbre, mise au point<\/div><div class=\"hb-oeuvre-dimensions\">16 x 75 x 23 cm<\/div><\/div><\/div><div class=\"hb-oeuvre-item\" data-ordre=\"3\"><img decoding=\"async\" src=\"https:\/\/henri-beaufour.com\/wp-content\/uploads\/2025\/02\/Noe.jpg\" alt=\"No\u00e9\"><div class=\"hb-oeuvre-legende\"><div class=\"hb-oeuvre-titre\">No\u00e9<\/div><div class=\"hb-oeuvre-periode\">2014<\/div><div class=\"hb-oeuvre-type\">Marbre taille directe<\/div><div class=\"hb-oeuvre-dimensions\">200 x 80 x 80 cm<\/div><\/div><\/div><div class=\"hb-oeuvre-item\" data-ordre=\"4\"><img decoding=\"async\" src=\"https:\/\/henri-beaufour.com\/wp-content\/uploads\/2025\/02\/Lia.jpg\" alt=\"Lia\"><div class=\"hb-oeuvre-legende\"><div class=\"hb-oeuvre-titre\">Lia<\/div><div class=\"hb-oeuvre-periode\">1993<\/div><div class=\"hb-oeuvre-type\">Bronze 5\/8<\/div><div class=\"hb-oeuvre-dimensions\">58 x 28 x 20 cm<\/div><\/div><\/div><div class=\"hb-oeuvre-item\" data-ordre=\"5\"><img decoding=\"async\" src=\"https:\/\/henri-beaufour.com\/wp-content\/uploads\/2025\/02\/Pari-gagne.jpg\" alt=\"Pari gagn\u00e9\"><div class=\"hb-oeuvre-legende\"><div class=\"hb-oeuvre-titre\">Pari gagn\u00e9<\/div><div class=\"hb-oeuvre-periode\">2019<\/div><div class=\"hb-oeuvre-type\">Acrylique sur toile<\/div><div class=\"hb-oeuvre-dimensions\">70 x 70 cm<\/div><\/div><\/div><div class=\"hb-oeuvre-item\" data-ordre=\"6\"><img decoding=\"async\" src=\"https:\/\/henri-beaufour.com\/wp-content\/uploads\/2025\/02\/Sans-titre-femme-allongee.jpg\" alt=\"Sans titre\"><div class=\"hb-oeuvre-legende\"><div class=\"hb-oeuvre-titre\">Sans titre<\/div><div class=\"hb-oeuvre-periode\">2021<\/div><div class=\"hb-oeuvre-type\">Pastel gras<\/div><div class=\"hb-oeuvre-dimensions\">50 x 70 cm<\/div><\/div><\/div><\/div><div class=\"hb-category-content\" data-category=\"etranges-metamorphoses\" data-category-name=\"\u00c9tranges m\u00e9tamorphoses\"><div class=\"hb-oeuvre-item\" data-ordre=\"1\"><img decoding=\"async\" src=\"https:\/\/henri-beaufour.com\/wp-content\/uploads\/2025\/02\/Homme-cochon.jpg\" alt=\"Hello\"><div class=\"hb-oeuvre-legende\"><div class=\"hb-oeuvre-titre\">Hello<\/div><div class=\"hb-oeuvre-periode\">2017-2018<\/div><div class=\"hb-oeuvre-type\">Marbre, mise au point<\/div><div class=\"hb-oeuvre-dimensions\">32 x 28 x 32 cm<\/div><\/div><\/div><div class=\"hb-oeuvre-item\" data-ordre=\"2\"><img decoding=\"async\" src=\"https:\/\/henri-beaufour.com\/wp-content\/uploads\/2025\/02\/Tete-cornue.jpg\" alt=\"T\u00eate cornue\"><div class=\"hb-oeuvre-legende\"><div class=\"hb-oeuvre-titre\">T\u00eate cornue<\/div><div class=\"hb-oeuvre-periode\">2021<\/div><div class=\"hb-oeuvre-type\">Bronze (1\/1)<\/div><div class=\"hb-oeuvre-dimensions\">34 x 32 x 33 cm<\/div><\/div><\/div><div class=\"hb-oeuvre-item\" data-ordre=\"3\"><img decoding=\"async\" src=\"https:\/\/henri-beaufour.com\/wp-content\/uploads\/2025\/02\/Metamorphose.jpg\" alt=\"La m\u00e9tamorphose\"><div class=\"hb-oeuvre-legende\"><div class=\"hb-oeuvre-titre\">La m\u00e9tamorphose<\/div><div class=\"hb-oeuvre-periode\">2019<\/div><div class=\"hb-oeuvre-type\">Acrylique sur toile<\/div><div class=\"hb-oeuvre-dimensions\">70 x 70 cm<\/div><\/div><\/div><div class=\"hb-oeuvre-item\" data-ordre=\"4\"><img decoding=\"async\" src=\"https:\/\/henri-beaufour.com\/wp-content\/uploads\/2025\/02\/tete-rouge.jpg\" alt=\"T\u00eate rouge\"><div class=\"hb-oeuvre-legende\"><div class=\"hb-oeuvre-titre\">T\u00eate rouge<\/div><div class=\"hb-oeuvre-periode\">2021<\/div><div class=\"hb-oeuvre-type\">C\u00e9ramique \u00e9maill\u00e9e<\/div><div class=\"hb-oeuvre-dimensions\">18 x 15 x 16 cm<\/div><\/div><\/div><div class=\"hb-oeuvre-item\" data-ordre=\"5\"><img decoding=\"async\" src=\"https:\/\/henri-beaufour.com\/wp-content\/uploads\/2025\/02\/Sans-titre-homme-chat.jpg\" alt=\"Sans titre\"><div class=\"hb-oeuvre-legende\"><div class=\"hb-oeuvre-titre\">Sans titre<\/div><div class=\"hb-oeuvre-periode\">2020<\/div><div class=\"hb-oeuvre-type\">Posca<\/div><div class=\"hb-oeuvre-dimensions\">21 x 29.7 cm encadr\u00e9 noir<\/div><\/div><\/div><div class=\"hb-oeuvre-item\" data-ordre=\"6\"><img decoding=\"async\" src=\"https:\/\/henri-beaufour.com\/wp-content\/uploads\/2025\/02\/Sans-titre-feutre-noir-Gandhi-a-poil.jpg\" alt=\"Sans titre\"><div class=\"hb-oeuvre-legende\"><div class=\"hb-oeuvre-titre\">Sans titre<\/div><div class=\"hb-oeuvre-periode\">2020<\/div><div class=\"hb-oeuvre-type\">Bic noir<\/div><div class=\"hb-oeuvre-dimensions\">21 x 29.7 cm<\/div><\/div><\/div><div class=\"hb-oeuvre-item\" data-ordre=\"7\"><img decoding=\"async\" src=\"https:\/\/henri-beaufour.com\/wp-content\/uploads\/2025\/02\/etranges-metamorphoses-gravure_379-1.jpg\" alt=\"Sans titre\"><div class=\"hb-oeuvre-legende\"><div class=\"hb-oeuvre-titre\">Sans titre<\/div><div class=\"hb-oeuvre-periode\">2013-2014<\/div><div class=\"hb-oeuvre-type\">Gravure<\/div><div class=\"hb-oeuvre-dimensions\">25 x 34 cm<\/div><\/div><\/div><\/div><div class=\"hb-category-content\" data-category=\"failles-et-fractures\" data-category-name=\"Failles et fractures\"><div class=\"hb-oeuvre-item\" data-ordre=\"1\"><img decoding=\"async\" src=\"https:\/\/henri-beaufour.com\/wp-content\/uploads\/2025\/02\/Le-gardien.jpg\" alt=\"Le gardien\"><div class=\"hb-oeuvre-legende\"><div class=\"hb-oeuvre-titre\">Le gardien<\/div><div class=\"hb-oeuvre-periode\">2022<\/div><div class=\"hb-oeuvre-type\">Marbre, mise au point<\/div><div class=\"hb-oeuvre-dimensions\">53 x 31 x 26 cm<\/div><\/div><\/div><div class=\"hb-oeuvre-item\" data-ordre=\"2\"><img decoding=\"async\" src=\"https:\/\/henri-beaufour.com\/wp-content\/uploads\/2025\/02\/Covid2.jpg\" alt=\"La Covid\"><div class=\"hb-oeuvre-legende\"><div class=\"hb-oeuvre-titre\">La Covid<\/div><div class=\"hb-oeuvre-periode\">2021<\/div><div class=\"hb-oeuvre-type\">Bronze (1\/8)<\/div><div class=\"hb-oeuvre-dimensions\">35 x 24 x 13 cm<\/div><\/div><\/div><div class=\"hb-oeuvre-item\" data-ordre=\"3\"><img decoding=\"async\" src=\"https:\/\/henri-beaufour.com\/wp-content\/uploads\/2025\/02\/Frank.jpg\" alt=\"Frank\"><div class=\"hb-oeuvre-legende\"><div class=\"hb-oeuvre-titre\">Frank<\/div><div class=\"hb-oeuvre-periode\">2020<\/div><div class=\"hb-oeuvre-type\">Bronze<\/div><div class=\"hb-oeuvre-dimensions\">29 x 30 x 38 cm<\/div><\/div><\/div><div class=\"hb-oeuvre-item\" data-ordre=\"4\"><img decoding=\"async\" src=\"https:\/\/henri-beaufour.com\/wp-content\/uploads\/2025\/02\/Samourai.jpg\" alt=\"Samoura\u00ef\"><div class=\"hb-oeuvre-legende\"><div class=\"hb-oeuvre-titre\">Samoura\u00ef<\/div><div class=\"hb-oeuvre-periode\">2019<\/div><div class=\"hb-oeuvre-type\">Acrylique sur toile<\/div><div class=\"hb-oeuvre-dimensions\">70 x 70 cm<\/div><\/div><\/div><div class=\"hb-oeuvre-item\" data-ordre=\"5\"><img decoding=\"async\" src=\"https:\/\/henri-beaufour.com\/wp-content\/uploads\/2025\/02\/Bacchus.jpg\" alt=\"Bacchus\"><div class=\"hb-oeuvre-legende\"><div class=\"hb-oeuvre-titre\">Bacchus<\/div><div class=\"hb-oeuvre-periode\">2019<\/div><div class=\"hb-oeuvre-type\">Acrylique sur toile<\/div><div class=\"hb-oeuvre-dimensions\">70 x 70 cm<\/div><\/div><\/div><div class=\"hb-oeuvre-item\" data-ordre=\"6\"><img decoding=\"async\" src=\"https:\/\/henri-beaufour.com\/wp-content\/uploads\/2025\/02\/2020-168.jpg\" alt=\"Sans titre\"><div class=\"hb-oeuvre-legende\"><div class=\"hb-oeuvre-titre\">Sans titre<\/div><div class=\"hb-oeuvre-periode\">2020<\/div><div class=\"hb-oeuvre-type\">Feutre noir<\/div><div class=\"hb-oeuvre-dimensions\">21 x 29.7 cm<\/div><\/div><\/div><div class=\"hb-oeuvre-item\" data-ordre=\"7\"><img decoding=\"async\" src=\"https:\/\/henri-beaufour.com\/wp-content\/uploads\/2025\/02\/Failles-et-fractures-gravure_161-1.jpg\" alt=\"Sans titre\"><div class=\"hb-oeuvre-legende\"><div class=\"hb-oeuvre-titre\">Sans titre<\/div><div class=\"hb-oeuvre-periode\">2013-2014<\/div><div class=\"hb-oeuvre-type\">Gravure<\/div><div class=\"hb-oeuvre-dimensions\">25x34<\/div><\/div><\/div><\/div><div class=\"hb-category-content\" data-category=\"les-echappes\" data-category-name=\"Les \u00e9chapp\u00e9s\"><div class=\"hb-oeuvre-item\" data-ordre=\"1\"><img decoding=\"async\" src=\"https:\/\/henri-beaufour.com\/wp-content\/uploads\/2025\/02\/tete-soufflee.jpg\" alt=\"T\u00eate souffl\u00e9e\"><div class=\"hb-oeuvre-legende\"><div class=\"hb-oeuvre-titre\">T\u00eate souffl\u00e9e<\/div><div class=\"hb-oeuvre-periode\">2022<\/div><div class=\"hb-oeuvre-type\">Marbre, mise au point<\/div><div class=\"hb-oeuvre-dimensions\">24 x 28 x 15 cm<\/div><\/div><\/div><div class=\"hb-oeuvre-item\" data-ordre=\"2\"><img decoding=\"async\" src=\"https:\/\/henri-beaufour.com\/wp-content\/uploads\/2025\/02\/Tete-au-carre.jpg\" alt=\"La t\u00eate au carr\u00e9\"><div class=\"hb-oeuvre-legende\"><div class=\"hb-oeuvre-titre\">La t\u00eate au carr\u00e9<\/div><div class=\"hb-oeuvre-periode\">2020<\/div><div class=\"hb-oeuvre-type\">Marbre, mise au point<\/div><div class=\"hb-oeuvre-dimensions\">37.5 x 26.5 x 31 cm<\/div><\/div><\/div><div class=\"hb-oeuvre-item\" data-ordre=\"3\"><img decoding=\"async\" src=\"https:\/\/henri-beaufour.com\/wp-content\/uploads\/2025\/02\/Le-Leviathan.jpg\" alt=\"Le l\u00e9viathan\"><div class=\"hb-oeuvre-legende\"><div class=\"hb-oeuvre-titre\">Le l\u00e9viathan<\/div><div class=\"hb-oeuvre-periode\">2023<\/div><div class=\"hb-oeuvre-type\">Acrylique sur toile<\/div><div class=\"hb-oeuvre-dimensions\">70 x 70 cm<\/div><\/div><\/div><div class=\"hb-oeuvre-item\" data-ordre=\"4\"><img decoding=\"async\" src=\"https:\/\/henri-beaufour.com\/wp-content\/uploads\/2025\/02\/Sans-titre-tete-jaune.jpg\" alt=\"C\u00e9ramique jaune\"><div class=\"hb-oeuvre-legende\"><div class=\"hb-oeuvre-titre\">C\u00e9ramique jaune<\/div><div class=\"hb-oeuvre-periode\">2019<\/div><div class=\"hb-oeuvre-type\">C\u00e9ramique \u00e9maill\u00e9e<\/div><div class=\"hb-oeuvre-dimensions\">16 x 30 x 29 cm<\/div><\/div><\/div><div class=\"hb-oeuvre-item\" data-ordre=\"5\"><img decoding=\"async\" src=\"https:\/\/henri-beaufour.com\/wp-content\/uploads\/2025\/02\/tete-ceramique-verte.jpg\" alt=\"T\u00eate\"><div class=\"hb-oeuvre-legende\"><div class=\"hb-oeuvre-titre\">T\u00eate<\/div><div class=\"hb-oeuvre-periode\">2019<\/div><div class=\"hb-oeuvre-type\">C\u00e9ramique \u00e9maill\u00e9e<\/div><div class=\"hb-oeuvre-dimensions\">23 x 21 x 29 cm<\/div><\/div><\/div><div class=\"hb-oeuvre-item\" data-ordre=\"6\"><img decoding=\"async\" src=\"https:\/\/henri-beaufour.com\/wp-content\/uploads\/2025\/02\/Sans-titre-dessin-feutre-fin-noir.jpg\" alt=\"Sans titre\"><div class=\"hb-oeuvre-legende\"><div class=\"hb-oeuvre-titre\">Sans titre<\/div><div class=\"hb-oeuvre-periode\">2020<\/div><div class=\"hb-oeuvre-type\">Stylo noir<\/div><div class=\"hb-oeuvre-dimensions\">21 x 29.7 cm<\/div><\/div><\/div><div class=\"hb-oeuvre-item\" data-ordre=\"7\"><img decoding=\"async\" src=\"https:\/\/henri-beaufour.com\/wp-content\/uploads\/2025\/02\/Les-echappes-gravure_494-1.jpg\" alt=\"Sans titre\"><div class=\"hb-oeuvre-legende\"><div class=\"hb-oeuvre-titre\">Sans titre<\/div><div class=\"hb-oeuvre-periode\">2013-2014<\/div><div class=\"hb-oeuvre-type\">Gravure<\/div><div class=\"hb-oeuvre-dimensions\">25 x 34 cm<\/div><\/div><\/div><\/div><div class=\"hb-category-content\" data-category=\"variations-obsessionnelles\" data-category-name=\"Variations obsessionnelles\"><div class=\"hb-oeuvre-item\" data-ordre=\"1\"><img decoding=\"async\" src=\"https:\/\/henri-beaufour.com\/wp-content\/uploads\/2025\/02\/Le-borgne.jpg\" alt=\"Le borgne\"><div class=\"hb-oeuvre-legende\"><div class=\"hb-oeuvre-titre\">Le borgne<\/div><div class=\"hb-oeuvre-periode\">2021<\/div><div class=\"hb-oeuvre-type\">Bronze (1\/8)<\/div><div class=\"hb-oeuvre-dimensions\">11 x 17 x 17 cm<\/div><\/div><\/div><div class=\"hb-oeuvre-item\" data-ordre=\"2\"><img decoding=\"async\" src=\"https:\/\/henri-beaufour.com\/wp-content\/uploads\/2025\/02\/Autoportrait-acrylique.jpg\" alt=\"Autoportrait\"><div class=\"hb-oeuvre-legende\"><div class=\"hb-oeuvre-titre\">Autoportrait<\/div><div class=\"hb-oeuvre-periode\">2021<\/div><div class=\"hb-oeuvre-type\">Acrylique sur papier<\/div><div class=\"hb-oeuvre-dimensions\">30 x 40 cm<\/div><\/div><\/div><div class=\"hb-oeuvre-item\" data-ordre=\"3\"><img decoding=\"async\" src=\"https:\/\/henri-beaufour.com\/wp-content\/uploads\/2025\/02\/Sans-titre-feutre-noir-fumeur.jpg\" alt=\"Sans titre\"><div class=\"hb-oeuvre-legende\"><div class=\"hb-oeuvre-titre\">Sans titre<\/div><div class=\"hb-oeuvre-periode\">2020<\/div><div class=\"hb-oeuvre-type\">Feutre noir<\/div><div class=\"hb-oeuvre-dimensions\">21 x 29.7 cm<\/div><\/div><\/div><div class=\"hb-oeuvre-item\" data-ordre=\"4\"><img decoding=\"async\" src=\"https:\/\/henri-beaufour.com\/wp-content\/uploads\/2025\/02\/Sans-titre-femme-crayon-coul.jpg\" alt=\"Sans titre\"><div class=\"hb-oeuvre-legende\"><div class=\"hb-oeuvre-titre\">Sans titre<\/div><div class=\"hb-oeuvre-periode\">2017<\/div><div class=\"hb-oeuvre-type\">Crayon couleur<\/div><div class=\"hb-oeuvre-dimensions\">21 x 29.7 cm<\/div><\/div><\/div><div class=\"hb-oeuvre-item\" data-ordre=\"5\"><img decoding=\"async\" src=\"https:\/\/henri-beaufour.com\/wp-content\/uploads\/2025\/02\/Sans-titre-acrylique-profils.jpg\" alt=\"Sans titre\"><div class=\"hb-oeuvre-legende\"><div class=\"hb-oeuvre-titre\">Sans titre<\/div><div class=\"hb-oeuvre-periode\">2017<\/div><div class=\"hb-oeuvre-type\">Peinture acrylique<\/div><div class=\"hb-oeuvre-dimensions\">29.7 x 21 cm<\/div><\/div><\/div><div class=\"hb-oeuvre-item\" data-ordre=\"6\"><img decoding=\"async\" src=\"https:\/\/henri-beaufour.com\/wp-content\/uploads\/2025\/02\/Variations-obsessionnelles-Gravure_236-1.jpg\" alt=\"Autoportrait\"><div class=\"hb-oeuvre-legende\"><div class=\"hb-oeuvre-titre\">Autoportrait<\/div><div class=\"hb-oeuvre-periode\">2013-2014<\/div><div class=\"hb-oeuvre-type\">Gravure<\/div><div class=\"hb-oeuvre-dimensions\">25 x 34 cm<\/div><\/div><\/div><\/div><\/div><\/div><\/div>\n\t\t\t\t\t\t<\/div>\n\t\t\t\t<\/div>\n\t\t\t\t\t<\/div>\n\t\t\t\t<\/div>\n\t\t<div data-particle_enable=\"false\" data-particle-mobile-disabled=\"false\" class=\"elementor-element elementor-element-c93bd91 e-flex e-con-boxed e-con e-parent\" data-id=\"c93bd91\" data-element_type=\"container\" data-e-type=\"container\" data-settings=\"{&quot;background_background&quot;:&quot;classic&quot;,&quot;jet_parallax_layout_list&quot;:[]}\">\n\t\t\t\t\t<div class=\"e-con-inner\">\n\t\t\t\t<div class=\"elementor-element elementor-element-250faaf elementor-widget elementor-widget-heading\" data-id=\"250faaf\" data-element_type=\"widget\" data-e-type=\"widget\" data-widget_type=\"heading.default\">\n\t\t\t\t<div class=\"elementor-widget-container\">\n\t\t\t\t\t<p class=\"elementor-heading-title elementor-size-default\">\u00a9 Henri Beaufour - Tous droits r\u00e9serv\u00e9s.<\/p>\t\t\t\t<\/div>\n\t\t\t\t<\/div>\n\t\t\t\t<div class=\"elementor-element elementor-element-a07f669 elementor-icon-list--layout-inline elementor-tablet-align-center elementor-widget-tablet__width-initial elementor-list-item-link-full_width elementor-widget elementor-widget-icon-list\" data-id=\"a07f669\" data-element_type=\"widget\" data-e-type=\"widget\" data-widget_type=\"icon-list.default\">\n\t\t\t\t<div class=\"elementor-widget-container\">\n\t\t\t\t\t\t\t<ul class=\"elementor-icon-list-items elementor-inline-items\">\n\t\t\t\t\t\t\t<li class=\"elementor-icon-list-item elementor-inline-item\">\n\t\t\t\t\t\t\t\t\t\t\t<a href=\"https:\/\/www.instagram.com\/henribeaufour\/\" target=\"_blank\">\n\n\t\t\t\t\t\t\t\t\t\t\t<span class=\"elementor-icon-list-text\">Instagram <\/span>\n\t\t\t\t\t\t\t\t\t\t\t<\/a>\n\t\t\t\t\t\t\t\t\t<\/li>\n\t\t\t\t\t\t\t\t<li class=\"elementor-icon-list-item elementor-inline-item\">\n\t\t\t\t\t\t\t\t\t\t\t<a href=\"https:\/\/henri-beaufour.com\/en\/contact\/\">\n\n\t\t\t\t\t\t\t\t\t\t\t<span class=\"elementor-icon-list-text\">Contact <\/span>\n\t\t\t\t\t\t\t\t\t\t\t<\/a>\n\t\t\t\t\t\t\t\t\t<\/li>\n\t\t\t\t\t\t\t\t<li class=\"elementor-icon-list-item elementor-inline-item\">\n\t\t\t\t\t\t\t\t\t\t\t<a href=\"https:\/\/henri-beaufour.com\/en\/cookies\/\">\n\n\t\t\t\t\t\t\t\t\t\t\t<span class=\"elementor-icon-list-text\">Cookies <\/span>\n\t\t\t\t\t\t\t\t\t\t\t<\/a>\n\t\t\t\t\t\t\t\t\t<\/li>\n\t\t\t\t\t\t\t\t<li class=\"elementor-icon-list-item elementor-inline-item\">\n\t\t\t\t\t\t\t\t\t\t\t<a href=\"https:\/\/henri-beaufour.com\/en\/conditions-generales-dutilisation\/\">\n\n\t\t\t\t\t\t\t\t\t\t\t<span class=\"elementor-icon-list-text\">Conditions g\u00e9n\u00e9rales d\u2019utilisation <\/span>\n\t\t\t\t\t\t\t\t\t\t\t<\/a>\n\t\t\t\t\t\t\t\t\t<\/li>\n\t\t\t\t\t\t\t\t<li class=\"elementor-icon-list-item elementor-inline-item\">\n\t\t\t\t\t\t\t\t\t\t\t<a href=\"https:\/\/henri-beaufour.com\/en\/politique-de-confidentialite\/\">\n\n\t\t\t\t\t\t\t\t\t\t\t<span class=\"elementor-icon-list-text\">Politique de confidentialit\u00e9 <\/span>\n\t\t\t\t\t\t\t\t\t\t\t<\/a>\n\t\t\t\t\t\t\t\t\t<\/li>\n\t\t\t\t\t\t\t\t<li class=\"elementor-icon-list-item elementor-inline-item\">\n\t\t\t\t\t\t\t\t\t\t\t<a href=\"https:\/\/henri-beaufour.com\/en\/mentions-legales\/\">\n\n\t\t\t\t\t\t\t\t\t\t\t<span class=\"elementor-icon-list-text\">Mentions l\u00e9gales<\/span>\n\t\t\t\t\t\t\t\t\t\t\t<\/a>\n\t\t\t\t\t\t\t\t\t<\/li>\n\t\t\t\t\t\t<\/ul>\n\t\t\t\t\t\t<\/div>\n\t\t\t\t<\/div>\n\t\t\t\t\t<\/div>\n\t\t\t\t<\/div>\n\t\t\t\t<\/div>","protected":false},"excerpt":{"rendered":"<p>\u00a9 Henri Beaufour &#8211; Tous droits r\u00e9serv\u00e9s. Instagram Contact Cookies Conditions g\u00e9n\u00e9rales d\u2019utilisation Politique de confidentialit\u00e9 Mentions l\u00e9gales<\/p>","protected":false},"author":2,"featured_media":0,"parent":0,"menu_order":0,"comment_status":"closed","ping_status":"closed","template":"elementor_canvas","meta":{"_acf_changed":false,"footnotes":""},"folder":[],"class_list":["post-674","page","type-page","status-publish","hentry"],"acf":[],"yoast_head":"<!-- This site is optimized with the Yoast SEO plugin v27.4 - https:\/\/yoast.com\/product\/yoast-seo-wordpress\/ -->\n<title>slider - Henri Beaufour<\/title>\n<meta name=\"robots\" content=\"index, follow, max-snippet:-1, max-image-preview:large, max-video-preview:-1\" \/>\n<link rel=\"canonical\" href=\"https:\/\/henri-beaufour.com\/en\/slider\/\" \/>\n<meta property=\"og:locale\" content=\"en_GB\" \/>\n<meta property=\"og:type\" content=\"article\" \/>\n<meta property=\"og:title\" content=\"slider - Henri Beaufour\" \/>\n<meta property=\"og:description\" content=\"\u00a9 Henri Beaufour &#8211; Tous droits r\u00e9serv\u00e9s. Instagram Contact Cookies Conditions g\u00e9n\u00e9rales d\u2019utilisation Politique de confidentialit\u00e9 Mentions l\u00e9gales\" \/>\n<meta property=\"og:url\" content=\"https:\/\/henri-beaufour.com\/en\/slider\/\" \/>\n<meta property=\"og:site_name\" content=\"Henri Beaufour\" \/>\n<meta property=\"article:modified_time\" content=\"2025-02-12T15:39:36+00:00\" \/>\n<meta name=\"twitter:card\" content=\"summary_large_image\" \/>\n<meta name=\"twitter:label1\" content=\"Estimated reading time\" \/>\n\t<meta name=\"twitter:data1\" content=\"1 minute\" \/>\n<script type=\"application\/ld+json\" class=\"yoast-schema-graph\">{\"@context\":\"https:\\\/\\\/schema.org\",\"@graph\":[{\"@type\":\"WebPage\",\"@id\":\"https:\\\/\\\/henri-beaufour.com\\\/en\\\/slider\\\/\",\"url\":\"https:\\\/\\\/henri-beaufour.com\\\/en\\\/slider\\\/\",\"name\":\"slider - Henri Beaufour\",\"isPartOf\":{\"@id\":\"https:\\\/\\\/henri-beaufour.com\\\/#website\"},\"datePublished\":\"2025-02-10T16:33:00+00:00\",\"dateModified\":\"2025-02-12T15:39:36+00:00\",\"breadcrumb\":{\"@id\":\"https:\\\/\\\/henri-beaufour.com\\\/en\\\/slider\\\/#breadcrumb\"},\"inLanguage\":\"en-GB\",\"potentialAction\":[{\"@type\":\"ReadAction\",\"target\":[\"https:\\\/\\\/henri-beaufour.com\\\/en\\\/slider\\\/\"]}]},{\"@type\":\"BreadcrumbList\",\"@id\":\"https:\\\/\\\/henri-beaufour.com\\\/en\\\/slider\\\/#breadcrumb\",\"itemListElement\":[{\"@type\":\"ListItem\",\"position\":1,\"name\":\"Accueil\",\"item\":\"https:\\\/\\\/henri-beaufour.com\\\/\"},{\"@type\":\"ListItem\",\"position\":2,\"name\":\"slider\"}]},{\"@type\":\"WebSite\",\"@id\":\"https:\\\/\\\/henri-beaufour.com\\\/#website\",\"url\":\"https:\\\/\\\/henri-beaufour.com\\\/\",\"name\":\"Henri Beaufour\",\"description\":\"\",\"potentialAction\":[{\"@type\":\"SearchAction\",\"target\":{\"@type\":\"EntryPoint\",\"urlTemplate\":\"https:\\\/\\\/henri-beaufour.com\\\/?s={search_term_string}\"},\"query-input\":{\"@type\":\"PropertyValueSpecification\",\"valueRequired\":true,\"valueName\":\"search_term_string\"}}],\"inLanguage\":\"en-GB\"}]}<\/script>\n<!-- \/ Yoast SEO plugin. -->","yoast_head_json":{"title":"slider - Henri Beaufour","robots":{"index":"index","follow":"follow","max-snippet":"max-snippet:-1","max-image-preview":"max-image-preview:large","max-video-preview":"max-video-preview:-1"},"canonical":"https:\/\/henri-beaufour.com\/en\/slider\/","og_locale":"en_GB","og_type":"article","og_title":"slider - Henri Beaufour","og_description":"\u00a9 Henri Beaufour &#8211; Tous droits r\u00e9serv\u00e9s. Instagram Contact Cookies Conditions g\u00e9n\u00e9rales d\u2019utilisation Politique de confidentialit\u00e9 Mentions l\u00e9gales","og_url":"https:\/\/henri-beaufour.com\/en\/slider\/","og_site_name":"Henri Beaufour","article_modified_time":"2025-02-12T15:39:36+00:00","twitter_card":"summary_large_image","twitter_misc":{"Estimated reading time":"1 minute"},"schema":{"@context":"https:\/\/schema.org","@graph":[{"@type":"WebPage","@id":"https:\/\/henri-beaufour.com\/en\/slider\/","url":"https:\/\/henri-beaufour.com\/en\/slider\/","name":"slider - Henri Beaufour","isPartOf":{"@id":"https:\/\/henri-beaufour.com\/#website"},"datePublished":"2025-02-10T16:33:00+00:00","dateModified":"2025-02-12T15:39:36+00:00","breadcrumb":{"@id":"https:\/\/henri-beaufour.com\/en\/slider\/#breadcrumb"},"inLanguage":"en-GB","potentialAction":[{"@type":"ReadAction","target":["https:\/\/henri-beaufour.com\/en\/slider\/"]}]},{"@type":"BreadcrumbList","@id":"https:\/\/henri-beaufour.com\/en\/slider\/#breadcrumb","itemListElement":[{"@type":"ListItem","position":1,"name":"Accueil","item":"https:\/\/henri-beaufour.com\/"},{"@type":"ListItem","position":2,"name":"slider"}]},{"@type":"WebSite","@id":"https:\/\/henri-beaufour.com\/#website","url":"https:\/\/henri-beaufour.com\/","name":"Henri Beaufour","description":"","potentialAction":[{"@type":"SearchAction","target":{"@type":"EntryPoint","urlTemplate":"https:\/\/henri-beaufour.com\/?s={search_term_string}"},"query-input":{"@type":"PropertyValueSpecification","valueRequired":true,"valueName":"search_term_string"}}],"inLanguage":"en-GB"}]}},"_links":{"self":[{"href":"https:\/\/henri-beaufour.com\/en\/wp-json\/wp\/v2\/pages\/674","targetHints":{"allow":["GET"]}}],"collection":[{"href":"https:\/\/henri-beaufour.com\/en\/wp-json\/wp\/v2\/pages"}],"about":[{"href":"https:\/\/henri-beaufour.com\/en\/wp-json\/wp\/v2\/types\/page"}],"author":[{"embeddable":true,"href":"https:\/\/henri-beaufour.com\/en\/wp-json\/wp\/v2\/users\/2"}],"replies":[{"embeddable":true,"href":"https:\/\/henri-beaufour.com\/en\/wp-json\/wp\/v2\/comments?post=674"}],"version-history":[{"count":21,"href":"https:\/\/henri-beaufour.com\/en\/wp-json\/wp\/v2\/pages\/674\/revisions"}],"predecessor-version":[{"id":805,"href":"https:\/\/henri-beaufour.com\/en\/wp-json\/wp\/v2\/pages\/674\/revisions\/805"}],"wp:attachment":[{"href":"https:\/\/henri-beaufour.com\/en\/wp-json\/wp\/v2\/media?parent=674"}],"wp:term":[{"taxonomy":"folder","embeddable":true,"href":"https:\/\/henri-beaufour.com\/en\/wp-json\/wp\/v2\/folder?post=674"}],"curies":[{"name":"wp","href":"https:\/\/api.w.org\/{rel}","templated":true}]}}