{"id":755,"date":"2025-02-12T15:52:37","date_gmt":"2025-02-12T14:52:37","guid":{"rendered":"https:\/\/henri-beaufour.com\/?page_id=755"},"modified":"2025-02-21T17:47:34","modified_gmt":"2025-02-21T16:47:34","slug":"conditions-generales-dutilisation","status":"publish","type":"page","link":"https:\/\/henri-beaufour.com\/en\/conditions-generales-dutilisation\/","title":{"rendered":"Conditions g\u00e9n\u00e9rales d\u2019utilisation"},"content":{"rendered":"<div data-elementor-type=\"wp-page\" data-elementor-id=\"755\" class=\"elementor elementor-755\" data-elementor-post-type=\"page\">\n\t\t\t\t<div data-particle_enable=\"false\" data-particle-mobile-disabled=\"false\" class=\"elementor-element elementor-element-b34e1cc e-flex e-con-boxed e-con e-parent\" data-id=\"b34e1cc\" data-element_type=\"container\" data-e-type=\"container\" data-settings=\"{&quot;jet_parallax_layout_list&quot;:[]}\">\n\t\t\t\t\t<div class=\"e-con-inner\">\n\t\t\t\t<div class=\"elementor-element elementor-element-0be7981 elementor-widget elementor-widget-heading\" data-id=\"0be7981\" data-element_type=\"widget\" data-e-type=\"widget\" data-widget_type=\"heading.default\">\n\t\t\t\t<div class=\"elementor-widget-container\">\n\t\t\t\t\t<h1 class=\"elementor-heading-title elementor-size-default\">Conditions g\u00e9n\u00e9rales d\u2019utilisation<\/h1>\t\t\t\t<\/div>\n\t\t\t\t<\/div>\n\t\t\t\t<div class=\"elementor-element elementor-element-27f5bdc elementor-widget elementor-widget-text-editor\" data-id=\"27f5bdc\" data-element_type=\"widget\" data-e-type=\"widget\" data-widget_type=\"text-editor.default\">\n\t\t\t\t<div class=\"elementor-widget-container\">\n\t\t\t\t\t\t\t\t\t<p>Derni\u00e8re mise \u00e0 jour le\u00a0:\u00a024 mars 2021<\/p><p>Merci de lire attentivement les pr\u00e9sentes modalit\u00e9s d\u2019utilisation du pr\u00e9sent site\u00a0https:\/\/henri-beaufour.com\/\u00a0(ci-apr\u00e8s, le \u00ab\u00a0Site\u00a0\u00bb) avant de le parcourir. En utilisant ce Site, vous acceptez sans r\u00e9serve les pr\u00e9sentes conditions d\u2019utilisation (ci-apr\u00e8s, les \u00ab\u00a0CGU\u00a0\u00bb). Celles-ci pourront \u00eatre modifi\u00e9es \u00e0 tout moment et sans pr\u00e9avis par l\u2019\u00c9diteur.<\/p><p>Pr\u00e9sentation du Site<\/p><p>Le Site a pour objectif de faire d\u00e9couvrir au public les \u0153uvres de l\u2019artiste Henri Beaufour et notamment\u00a0ses sculptures, modelages, gravures, dessins, peintures et assiettes. Le Site permet \u00e9galement de suivre les actualit\u00e9s de l\u2019artiste. Le Site est disponible en cinq langues\u00a0: en fran\u00e7ais, anglais, allemand, italien et espagnol.<\/p><p>Acc\u00e8s, navigation et limitation de responsabilit\u00e9<\/p><p>L\u2019\u00c9diteur met en \u0153uvre les solutions techniques \u00e0 sa disposition pour permettre l\u2019acc\u00e8s au Site 24 heures sur 24, 7 jours sur 7. Il pourra n\u00e9anmoins \u00e0 tout moment suspendre, limiter ou interrompre l\u2019acc\u00e8s au Site ou \u00e0 certaines pages de celui-ci afin de proc\u00e9der \u00e0 des mises \u00e0 jour, des modifications de son contenu ou toute autre action jug\u00e9e n\u00e9cessaire au bon fonctionnement du Site.<\/p><p>L\u2019\u00c9diteur n\u2019est pas responsable :<\/p><p>en cas de probl\u00e8mes ou d\u00e9faillances techniques, informatiques ou de compatibilit\u00e9 du Site avec un mat\u00e9riel ou logiciel quel qu\u2019il soit ; il incombe par cons\u00e9quent au visiteur du Site de prendre les pr\u00e9cautions d\u2019usage n\u00e9cessaires pour assurer la s\u00e9curit\u00e9 de son syst\u00e8me informatique contre les virus et trojans notamment.<br \/>des dommages directs ou indirects, mat\u00e9riels ou immat\u00e9riels, pr\u00e9visibles ou impr\u00e9visibles r\u00e9sultant de l\u2019utilisation ou des difficult\u00e9s d\u2019utilisation du Site ou de ses services ;<br \/>des caract\u00e9ristiques intrins\u00e8ques de l\u2019Internet, notamment celles relatives au manque de fiabilit\u00e9 et au d\u00e9faut de s\u00e9curisation des informations y circulant ;<br \/>d\u2019une mauvaise utilisation du service par l\u2019internaute.<\/p><p>Propri\u00e9t\u00e9 intellectuelle<\/p><p>Tout le contenu du pr\u00e9sent Site, incluant, de fa\u00e7on non limitative, les graphismes, images, textes, logos, gifs et ic\u00f4nes ainsi que leur mise en forme, marques et logos sont la propri\u00e9t\u00e9 exclusive de l\u2019auteur, de ses ayants-droit ou de ses partenaires (ci-apr\u00e8s, \u00ab\u00a0les El\u00e9ments prot\u00e9g\u00e9s\u00a0\u00bb).<\/p><p>Les visiteurs du Site s\u2019interdisent donc, sans l\u2019accord expr\u00e8s pr\u00e9alable de l\u2019Editeur et sous peine de sanctions civiles et p\u00e9nales :<\/p><p>de reproduire ou de faire reproduire les \u00c9l\u00e9ments prot\u00e9g\u00e9s, en tout ou partie, \u00e0 titre temporaire ou d\u00e9finitif, de quelque mani\u00e8re que ce soit, sur tout support, tout format, par tout proc\u00e9d\u00e9, connus ou inconnus \u00e0 ce jour\u00a0;<br \/>de repr\u00e9senter ou de faire repr\u00e9senter les \u00c9l\u00e9ments prot\u00e9g\u00e9s, en tout ou partie, int\u00e9gralement ou par extrait, de quelque fa\u00e7on que ce soit, par tout proc\u00e9d\u00e9, tout mode de diffusion, tout mode de communication connus ou inconnus \u00e0 ce jour\u00a0;<br \/>d\u2019adapter ou de faire adapter les \u00c9l\u00e9ments prot\u00e9g\u00e9s, en tout ou partie, \u00e0 titre temporaire ou d\u00e9finitif, et notamment de traduire en toutes langues les El\u00e9ments prot\u00e9g\u00e9s, de cr\u00e9er toute \u0153uvre d\u00e9riv\u00e9e, de r\u00e9aliser de nouvelles versions ou de nouveaux d\u00e9veloppements \u00e0 partir des El\u00e9ments prot\u00e9g\u00e9s, de maintenir, modifier, arranger, assembler, num\u00e9riser tout ou partie des El\u00e9ments prot\u00e9g\u00e9s.<\/p><p>Les visiteurs du Site reconnaissent que toute violation du pr\u00e9sent article constitue une contrefa\u00e7on sanctionn\u00e9e par les articles du Code de la propri\u00e9t\u00e9 intellectuelle.<\/p><p>Cette interdiction s\u2019applique sans limitation g\u00e9ographique, pour la dur\u00e9e de protection accord\u00e9e par le droit de la propri\u00e9t\u00e9 intellectuelle, et pour tout mode d\u2019exploitation, \u00e0 titre gratuit ou on\u00e9reux.<\/p><p>Les pr\u00e9sentes CGU n\u2019emportent aucune cession de droits de propri\u00e9t\u00e9 intellectuelle attach\u00e9s aux \u00c9l\u00e9ments Prot\u00e9g\u00e9s.<\/p><p>Protection des donn\u00e9es \u00e0 caract\u00e8re personnel<\/p><p>L\u2019\u00c9diteur assure aux visiteurs inscrits \u00e0 la newsletter une collecte et un traitement d\u2019informations personnelles dans le respect de la vie priv\u00e9e conform\u00e9ment \u00e0 la r\u00e9glementation en vigueur, et notamment, le R\u00e8glement n\u00b02016-679 du 27 avril 2016 relatif \u00e0 la protection des personnes physiques \u00e0 l\u2019\u00e9gard du traitement des donn\u00e9es \u00e0 caract\u00e8re personnel et \u00e0 la libre circulation de ces donn\u00e9es. Pour plus d\u2019information, reportez-vous \u00e0 la Politique de confidentialit\u00e9 (lien vers l\u2019URL de la Politique de confidentialit\u00e9).<\/p><p><strong>Contact<\/strong><\/p><p>Pour toute question, vous pouvez contacter Massa Management, \u00e0 l\u2019adresse email henri@massamanagement.lu.<\/p>\t\t\t\t\t\t\t\t<\/div>\n\t\t\t\t<\/div>\n\t\t\t\t\t<\/div>\n\t\t\t\t<\/div>\n\t\t\t\t<\/div>","protected":false},"excerpt":{"rendered":"<p>Conditions g\u00e9n\u00e9rales d\u2019utilisation Derni\u00e8re mise \u00e0 jour le\u00a0:\u00a024 mars 2021 Merci de lire attentivement les pr\u00e9sentes modalit\u00e9s d\u2019utilisation du pr\u00e9sent site\u00a0https:\/\/henri-beaufour.com\/\u00a0(ci-apr\u00e8s, le \u00ab\u00a0Site\u00a0\u00bb) avant de le parcourir. En utilisant ce Site, vous acceptez sans r\u00e9serve les pr\u00e9sentes conditions d\u2019utilisation (ci-apr\u00e8s, les \u00ab\u00a0CGU\u00a0\u00bb). Celles-ci pourront \u00eatre modifi\u00e9es \u00e0 tout moment et sans pr\u00e9avis par l\u2019\u00c9diteur. Pr\u00e9sentation [&hellip;]<\/p>\n","protected":false},"author":1,"featured_media":0,"parent":0,"menu_order":0,"comment_status":"closed","ping_status":"closed","template":"elementor_header_footer","meta":{"_acf_changed":false,"footnotes":""},"folder":[],"class_list":["post-755","page","type-page","status-publish","hentry"],"acf":[],"yoast_head":"<!-- This site is optimized with the Yoast SEO plugin v27.4 - https:\/\/yoast.com\/product\/yoast-seo-wordpress\/ -->\n<title>Conditions g\u00e9n\u00e9rales d\u2019utilisation - Henri Beaufour<\/title>\n<meta name=\"robots\" content=\"index, follow, max-snippet:-1, max-image-preview:large, max-video-preview:-1\" \/>\n<link rel=\"canonical\" href=\"https:\/\/henri-beaufour.com\/en\/conditions-generales-dutilisation\/\" \/>\n<meta property=\"og:locale\" content=\"en_GB\" \/>\n<meta property=\"og:type\" content=\"article\" \/>\n<meta property=\"og:title\" content=\"Conditions g\u00e9n\u00e9rales d\u2019utilisation - Henri Beaufour\" \/>\n<meta property=\"og:description\" content=\"Conditions g\u00e9n\u00e9rales d\u2019utilisation Derni\u00e8re mise \u00e0 jour le\u00a0:\u00a024 mars 2021 Merci de lire attentivement les pr\u00e9sentes modalit\u00e9s d\u2019utilisation du pr\u00e9sent site\u00a0https:\/\/henri-beaufour.com\/\u00a0(ci-apr\u00e8s, le \u00ab\u00a0Site\u00a0\u00bb) avant de le parcourir. En utilisant ce Site, vous acceptez sans r\u00e9serve les pr\u00e9sentes conditions d\u2019utilisation (ci-apr\u00e8s, les \u00ab\u00a0CGU\u00a0\u00bb). Celles-ci pourront \u00eatre modifi\u00e9es \u00e0 tout moment et sans pr\u00e9avis par l\u2019\u00c9diteur. Pr\u00e9sentation [&hellip;]\" \/>\n<meta property=\"og:url\" content=\"https:\/\/henri-beaufour.com\/en\/conditions-generales-dutilisation\/\" \/>\n<meta property=\"og:site_name\" content=\"Henri Beaufour\" \/>\n<meta property=\"article:modified_time\" content=\"2025-02-21T16:47:34+00:00\" \/>\n<meta name=\"twitter:card\" content=\"summary_large_image\" \/>\n<meta name=\"twitter:label1\" content=\"Estimated reading time\" \/>\n\t<meta name=\"twitter:data1\" content=\"4 minutes\" \/>\n<script type=\"application\/ld+json\" class=\"yoast-schema-graph\">{\"@context\":\"https:\\\/\\\/schema.org\",\"@graph\":[{\"@type\":\"WebPage\",\"@id\":\"https:\\\/\\\/henri-beaufour.com\\\/conditions-generales-dutilisation\\\/\",\"url\":\"https:\\\/\\\/henri-beaufour.com\\\/conditions-generales-dutilisation\\\/\",\"name\":\"Conditions g\u00e9n\u00e9rales d\u2019utilisation - Henri Beaufour\",\"isPartOf\":{\"@id\":\"https:\\\/\\\/henri-beaufour.com\\\/#website\"},\"datePublished\":\"2025-02-12T14:52:37+00:00\",\"dateModified\":\"2025-02-21T16:47:34+00:00\",\"breadcrumb\":{\"@id\":\"https:\\\/\\\/henri-beaufour.com\\\/conditions-generales-dutilisation\\\/#breadcrumb\"},\"inLanguage\":\"en-GB\",\"potentialAction\":[{\"@type\":\"ReadAction\",\"target\":[\"https:\\\/\\\/henri-beaufour.com\\\/conditions-generales-dutilisation\\\/\"]}]},{\"@type\":\"BreadcrumbList\",\"@id\":\"https:\\\/\\\/henri-beaufour.com\\\/conditions-generales-dutilisation\\\/#breadcrumb\",\"itemListElement\":[{\"@type\":\"ListItem\",\"position\":1,\"name\":\"Accueil\",\"item\":\"https:\\\/\\\/henri-beaufour.com\\\/\"},{\"@type\":\"ListItem\",\"position\":2,\"name\":\"Conditions g\u00e9n\u00e9rales d\u2019utilisation\"}]},{\"@type\":\"WebSite\",\"@id\":\"https:\\\/\\\/henri-beaufour.com\\\/#website\",\"url\":\"https:\\\/\\\/henri-beaufour.com\\\/\",\"name\":\"Henri Beaufour\",\"description\":\"\",\"potentialAction\":[{\"@type\":\"SearchAction\",\"target\":{\"@type\":\"EntryPoint\",\"urlTemplate\":\"https:\\\/\\\/henri-beaufour.com\\\/?s={search_term_string}\"},\"query-input\":{\"@type\":\"PropertyValueSpecification\",\"valueRequired\":true,\"valueName\":\"search_term_string\"}}],\"inLanguage\":\"en-GB\"}]}<\/script>\n<!-- \/ Yoast SEO plugin. -->","yoast_head_json":{"title":"Conditions g\u00e9n\u00e9rales d\u2019utilisation - Henri Beaufour","robots":{"index":"index","follow":"follow","max-snippet":"max-snippet:-1","max-image-preview":"max-image-preview:large","max-video-preview":"max-video-preview:-1"},"canonical":"https:\/\/henri-beaufour.com\/en\/conditions-generales-dutilisation\/","og_locale":"en_GB","og_type":"article","og_title":"Conditions g\u00e9n\u00e9rales d\u2019utilisation - Henri Beaufour","og_description":"Conditions g\u00e9n\u00e9rales d\u2019utilisation Derni\u00e8re mise \u00e0 jour le\u00a0:\u00a024 mars 2021 Merci de lire attentivement les pr\u00e9sentes modalit\u00e9s d\u2019utilisation du pr\u00e9sent site\u00a0https:\/\/henri-beaufour.com\/\u00a0(ci-apr\u00e8s, le \u00ab\u00a0Site\u00a0\u00bb) avant de le parcourir. En utilisant ce Site, vous acceptez sans r\u00e9serve les pr\u00e9sentes conditions d\u2019utilisation (ci-apr\u00e8s, les \u00ab\u00a0CGU\u00a0\u00bb). Celles-ci pourront \u00eatre modifi\u00e9es \u00e0 tout moment et sans pr\u00e9avis par l\u2019\u00c9diteur. Pr\u00e9sentation [&hellip;]","og_url":"https:\/\/henri-beaufour.com\/en\/conditions-generales-dutilisation\/","og_site_name":"Henri Beaufour","article_modified_time":"2025-02-21T16:47:34+00:00","twitter_card":"summary_large_image","twitter_misc":{"Estimated reading time":"4 minutes"},"schema":{"@context":"https:\/\/schema.org","@graph":[{"@type":"WebPage","@id":"https:\/\/henri-beaufour.com\/conditions-generales-dutilisation\/","url":"https:\/\/henri-beaufour.com\/conditions-generales-dutilisation\/","name":"Conditions g\u00e9n\u00e9rales d\u2019utilisation - Henri Beaufour","isPartOf":{"@id":"https:\/\/henri-beaufour.com\/#website"},"datePublished":"2025-02-12T14:52:37+00:00","dateModified":"2025-02-21T16:47:34+00:00","breadcrumb":{"@id":"https:\/\/henri-beaufour.com\/conditions-generales-dutilisation\/#breadcrumb"},"inLanguage":"en-GB","potentialAction":[{"@type":"ReadAction","target":["https:\/\/henri-beaufour.com\/conditions-generales-dutilisation\/"]}]},{"@type":"BreadcrumbList","@id":"https:\/\/henri-beaufour.com\/conditions-generales-dutilisation\/#breadcrumb","itemListElement":[{"@type":"ListItem","position":1,"name":"Accueil","item":"https:\/\/henri-beaufour.com\/"},{"@type":"ListItem","position":2,"name":"Conditions g\u00e9n\u00e9rales d\u2019utilisation"}]},{"@type":"WebSite","@id":"https:\/\/henri-beaufour.com\/#website","url":"https:\/\/henri-beaufour.com\/","name":"Henri Beaufour","description":"","potentialAction":[{"@type":"SearchAction","target":{"@type":"EntryPoint","urlTemplate":"https:\/\/henri-beaufour.com\/?s={search_term_string}"},"query-input":{"@type":"PropertyValueSpecification","valueRequired":true,"valueName":"search_term_string"}}],"inLanguage":"en-GB"}]}},"_links":{"self":[{"href":"https:\/\/henri-beaufour.com\/en\/wp-json\/wp\/v2\/pages\/755","targetHints":{"allow":["GET"]}}],"collection":[{"href":"https:\/\/henri-beaufour.com\/en\/wp-json\/wp\/v2\/pages"}],"about":[{"href":"https:\/\/henri-beaufour.com\/en\/wp-json\/wp\/v2\/types\/page"}],"author":[{"embeddable":true,"href":"https:\/\/henri-beaufour.com\/en\/wp-json\/wp\/v2\/users\/1"}],"replies":[{"embeddable":true,"href":"https:\/\/henri-beaufour.com\/en\/wp-json\/wp\/v2\/comments?post=755"}],"version-history":[{"count":4,"href":"https:\/\/henri-beaufour.com\/en\/wp-json\/wp\/v2\/pages\/755\/revisions"}],"predecessor-version":[{"id":944,"href":"https:\/\/henri-beaufour.com\/en\/wp-json\/wp\/v2\/pages\/755\/revisions\/944"}],"wp:attachment":[{"href":"https:\/\/henri-beaufour.com\/en\/wp-json\/wp\/v2\/media?parent=755"}],"wp:term":[{"taxonomy":"folder","embeddable":true,"href":"https:\/\/henri-beaufour.com\/en\/wp-json\/wp\/v2\/folder?post=755"}],"curies":[{"name":"wp","href":"https:\/\/api.w.org\/{rel}","templated":true}]}}