{"id":756,"date":"2025-02-12T15:52:51","date_gmt":"2025-02-12T14:52:51","guid":{"rendered":"https:\/\/henri-beaufour.com\/?page_id=756"},"modified":"2025-02-21T17:48:00","modified_gmt":"2025-02-21T16:48:00","slug":"politique-de-confidentialite","status":"publish","type":"page","link":"https:\/\/henri-beaufour.com\/en\/politique-de-confidentialite\/","title":{"rendered":"Politique de confidentialit\u00e9"},"content":{"rendered":"<div data-elementor-type=\"wp-page\" data-elementor-id=\"756\" class=\"elementor elementor-756\" data-elementor-post-type=\"page\">\n\t\t\t\t<div data-particle_enable=\"false\" data-particle-mobile-disabled=\"false\" class=\"elementor-element elementor-element-5a6666d e-flex e-con-boxed e-con e-parent\" data-id=\"5a6666d\" data-element_type=\"container\" data-e-type=\"container\" data-settings=\"{&quot;jet_parallax_layout_list&quot;:[]}\">\n\t\t\t\t\t<div class=\"e-con-inner\">\n\t\t\t\t<div class=\"elementor-element elementor-element-84a264a elementor-widget elementor-widget-heading\" data-id=\"84a264a\" data-element_type=\"widget\" data-e-type=\"widget\" data-widget_type=\"heading.default\">\n\t\t\t\t<div class=\"elementor-widget-container\">\n\t\t\t\t\t<h1 class=\"elementor-heading-title elementor-size-default\">Politique de confidentialit\u00e9\n<\/h1>\t\t\t\t<\/div>\n\t\t\t\t<\/div>\n\t\t\t\t<div class=\"elementor-element elementor-element-705a035 elementor-widget elementor-widget-text-editor\" data-id=\"705a035\" data-element_type=\"widget\" data-e-type=\"widget\" data-widget_type=\"text-editor.default\">\n\t\t\t\t<div class=\"elementor-widget-container\">\n\t\t\t\t\t\t\t\t\t<p>La pr\u00e9sente politique de confidentialit\u00e9 a pour objet d\u2019informer les utilisateurs du site https:\/\/henri-beaufour.com (ci-apr\u00e8s \u00ab le Site \u00bb) des moyens mis en \u0153uvre pour collecter et traiter les donn\u00e9es \u00e0 caract\u00e8re personnel de l\u2019utilisateur, conform\u00e9ment au R\u00e8glement n\u00b02016-679 du 27 avril 2016 relatif \u00e0 la protection des personnes physiques \u00e0 l\u2019\u00e9gard du traitement des Donn\u00e9es \u00e0 caract\u00e8re personnel et \u00e0 la libre circulation de ces donn\u00e9es (ci-apr\u00e8s \u00ab R\u00e8glementation \u00bb).<\/p><p>Le Responsable de traitement des Donn\u00e9es \u00e0 caract\u00e8re personnel est Massa Management SARL, soci\u00e9t\u00e9 \u00e0 responsabilit\u00e9 limit\u00e9e constitu\u00e9e sous les lois du Luxembourg, ayant son si\u00e8ge social au 11, Boulevard Royal, L-2449 Luxembourg, Grand-Duch\u00e9 de Luxembourg et inscrite aupr\u00e8s du Registre de Commerce et des Soci\u00e9t\u00e9s, Luxembourg sous le num\u00e9ro B227310.<\/p><p>Donn\u00e9es trait\u00e9es<\/p><p>Cat\u00e9gories de donn\u00e9es trait\u00e9es :<\/p><p>Les donn\u00e9es collect\u00e9es par Massa Management SARL sont le pr\u00e9nom, le nom et l\u2019adresse e-mail.<\/p><p>Sources des donn\u00e9es :<\/p><p>Les donn\u00e9es sont issues de l\u2019enregistrement, par la personne souhaitant recevoir la newsletter, de son nom, son pr\u00e9nom et son adresse e-mail dans le formulaire d\u2019inscription \u00e0 la newsletter du Site.<\/p><p>Caract\u00e8re obligatoire du recueil des donn\u00e9es :<\/p><p>Le recueil des noms, pr\u00e9noms et adresse email sont obligatoires pour l\u2019envoi de la newsletter.<\/p><p>Prise de d\u00e9cision automatis\u00e9e :<\/p><p>Le traitement ne pr\u00e9voit pas de prise de d\u00e9cision automatis\u00e9e.<\/p><p>Objet du traitement des donn\u00e9es<\/p><p>Finalit\u00e9 :<\/p><p>Le traitement a pour objet la gestion de l\u2019envoi de la newsletter d\u2019Henri Beaufour. Il permet \u00e0 Massa Management SARL de g\u00e9rer les abonnements \u00e0 la newsletter et de r\u00e9aliser des statistiques li\u00e9s au service.<\/p><p>Base l\u00e9gale :<\/p><p>La base l\u00e9gale du traitement est le consentement de la personne concern\u00e9e, conform\u00e9ment \u00e0 la R\u00e9glementation.<\/p><p>Personnes concern\u00e9es<\/p><p>Le traitement de donn\u00e9es concerne les personnes qui souhaitent s\u2019inscrire \u00e0 la newsletter d\u2019Henri Beaufour.<\/p><p>Destinataires des donn\u00e9es<\/p><p>Cat\u00e9gories de destinataire :<\/p><p>Les donn\u00e9es personnelles seront communiqu\u00e9es \u00e0 la soci\u00e9t\u00e9 en charge de la communication de Massa Management SARL, au webmaster de Yohann Deprez<\/p><p>En aucun cas, les donn\u00e9es recueillies par le Site ne seront c\u00e9d\u00e9es ou vendues \u00e0 des tiers. Aucune adresse email ne sera transmise \u00e0 des tiers y compris \u00e0 nos partenaires sauf avec l\u2019accord express des personnes concern\u00e9es.<\/p><p>Transferts des donn\u00e9es hors UE :<\/p><p>Aucun transfert de donn\u00e9es hors de l\u2019Union europ\u00e9enne n\u2019est r\u00e9alis\u00e9.<\/p><p>La dur\u00e9e de conservation des donn\u00e9es<\/p><p>Les donn\u00e9es sont conserv\u00e9es pendant une dur\u00e9e maximale de 3 ans si aucun \u00e9change n\u2019a lieu pendant cette p\u00e9riode entre le responsable de traitement et les personnes inscrites \u00e0 la newsletter.<\/p><p>S\u00e9curit\u00e9<\/p><p>Le responsable de traitement met tout en \u0153uvre afin de s\u00e9curiser les donn\u00e9es personnelles soumises sur le Site, notamment contre tout acc\u00e8s et utilisation non autoris\u00e9s.<\/p><p>Le responsable de traitement s\u2019engage \u00e0 prendre toutes les pr\u00e9cautions utiles, mesures organisationnelles et techniques appropri\u00e9es pour pr\u00e9server la s\u00e9curit\u00e9, l\u2019int\u00e9grit\u00e9 et la confidentialit\u00e9 des donn\u00e9es et notamment, emp\u00eacher qu\u2019elles soient d\u00e9form\u00e9es, endommag\u00e9es ou que des tiers non autoris\u00e9s y aient acc\u00e8s.<\/p><p>Vos droits sur les donn\u00e9es vous concernant<\/p><p>Vous pouvez acc\u00e9der aux donn\u00e9es vous concernant, les rectifier, demander leur effacement ou exercer votre droit \u00e0 la limitation du traitement de vos donn\u00e9es. Vous pouvez vous opposer au traitement de vos donn\u00e9es. Vous pouvez \u00e9galement exercer votre droit \u00e0 la portabilit\u00e9 de vos donn\u00e9es.<\/p><p>Pour exercer ces droits ou pour toute question sur le traitement de vos donn\u00e9es dans ce dispositif, vous pouvez contacter Massa Management pour la gestion de vos donn\u00e9es personnelles, \u00e0 cette adresse \u00e9lectronique : art@henri-beaufour.com .<\/p><p>Enfin, vous avez le droit de saisir la CNIL d\u2019une r\u00e9clamation<\/p>\t\t\t\t\t\t\t\t<\/div>\n\t\t\t\t<\/div>\n\t\t\t\t\t<\/div>\n\t\t\t\t<\/div>\n\t\t\t\t<\/div>","protected":false},"excerpt":{"rendered":"<p>Politique de confidentialit\u00e9 La pr\u00e9sente politique de confidentialit\u00e9 a pour objet d\u2019informer les utilisateurs du site https:\/\/henri-beaufour.com (ci-apr\u00e8s \u00ab le Site \u00bb) des moyens mis en \u0153uvre pour collecter et traiter les donn\u00e9es \u00e0 caract\u00e8re personnel de l\u2019utilisateur, conform\u00e9ment au R\u00e8glement n\u00b02016-679 du 27 avril 2016 relatif \u00e0 la protection des personnes physiques \u00e0 l\u2019\u00e9gard [&hellip;]<\/p>\n","protected":false},"author":1,"featured_media":0,"parent":0,"menu_order":0,"comment_status":"closed","ping_status":"closed","template":"elementor_header_footer","meta":{"_acf_changed":false,"footnotes":""},"folder":[],"class_list":["post-756","page","type-page","status-publish","hentry"],"acf":[],"yoast_head":"<!-- This site is optimized with the Yoast SEO plugin v27.4 - https:\/\/yoast.com\/product\/yoast-seo-wordpress\/ -->\n<title>Politique de confidentialit\u00e9 - Henri Beaufour<\/title>\n<meta name=\"robots\" content=\"index, follow, max-snippet:-1, max-image-preview:large, max-video-preview:-1\" \/>\n<link rel=\"canonical\" href=\"https:\/\/henri-beaufour.com\/en\/politique-de-confidentialite\/\" \/>\n<meta property=\"og:locale\" content=\"en_GB\" \/>\n<meta property=\"og:type\" content=\"article\" \/>\n<meta property=\"og:title\" content=\"Politique de confidentialit\u00e9 - Henri Beaufour\" \/>\n<meta property=\"og:description\" content=\"Politique de confidentialit\u00e9 La pr\u00e9sente politique de confidentialit\u00e9 a pour objet d\u2019informer les utilisateurs du site https:\/\/henri-beaufour.com (ci-apr\u00e8s \u00ab le Site \u00bb) des moyens mis en \u0153uvre pour collecter et traiter les donn\u00e9es \u00e0 caract\u00e8re personnel de l\u2019utilisateur, conform\u00e9ment au R\u00e8glement n\u00b02016-679 du 27 avril 2016 relatif \u00e0 la protection des personnes physiques \u00e0 l\u2019\u00e9gard [&hellip;]\" \/>\n<meta property=\"og:url\" content=\"https:\/\/henri-beaufour.com\/en\/politique-de-confidentialite\/\" \/>\n<meta property=\"og:site_name\" content=\"Henri Beaufour\" \/>\n<meta property=\"article:modified_time\" content=\"2025-02-21T16:48:00+00:00\" \/>\n<meta name=\"twitter:card\" content=\"summary_large_image\" \/>\n<meta name=\"twitter:label1\" content=\"Estimated reading time\" \/>\n\t<meta name=\"twitter:data1\" content=\"3 minutes\" \/>\n<script type=\"application\/ld+json\" class=\"yoast-schema-graph\">{\"@context\":\"https:\\\/\\\/schema.org\",\"@graph\":[{\"@type\":\"WebPage\",\"@id\":\"https:\\\/\\\/henri-beaufour.com\\\/politique-de-confidentialite\\\/\",\"url\":\"https:\\\/\\\/henri-beaufour.com\\\/politique-de-confidentialite\\\/\",\"name\":\"Politique de confidentialit\u00e9 - Henri Beaufour\",\"isPartOf\":{\"@id\":\"https:\\\/\\\/henri-beaufour.com\\\/#website\"},\"datePublished\":\"2025-02-12T14:52:51+00:00\",\"dateModified\":\"2025-02-21T16:48:00+00:00\",\"breadcrumb\":{\"@id\":\"https:\\\/\\\/henri-beaufour.com\\\/politique-de-confidentialite\\\/#breadcrumb\"},\"inLanguage\":\"en-GB\",\"potentialAction\":[{\"@type\":\"ReadAction\",\"target\":[\"https:\\\/\\\/henri-beaufour.com\\\/politique-de-confidentialite\\\/\"]}]},{\"@type\":\"BreadcrumbList\",\"@id\":\"https:\\\/\\\/henri-beaufour.com\\\/politique-de-confidentialite\\\/#breadcrumb\",\"itemListElement\":[{\"@type\":\"ListItem\",\"position\":1,\"name\":\"Accueil\",\"item\":\"https:\\\/\\\/henri-beaufour.com\\\/\"},{\"@type\":\"ListItem\",\"position\":2,\"name\":\"Politique de confidentialit\u00e9\"}]},{\"@type\":\"WebSite\",\"@id\":\"https:\\\/\\\/henri-beaufour.com\\\/#website\",\"url\":\"https:\\\/\\\/henri-beaufour.com\\\/\",\"name\":\"Henri Beaufour\",\"description\":\"\",\"potentialAction\":[{\"@type\":\"SearchAction\",\"target\":{\"@type\":\"EntryPoint\",\"urlTemplate\":\"https:\\\/\\\/henri-beaufour.com\\\/?s={search_term_string}\"},\"query-input\":{\"@type\":\"PropertyValueSpecification\",\"valueRequired\":true,\"valueName\":\"search_term_string\"}}],\"inLanguage\":\"en-GB\"}]}<\/script>\n<!-- \/ Yoast SEO plugin. -->","yoast_head_json":{"title":"Politique de confidentialit\u00e9 - Henri Beaufour","robots":{"index":"index","follow":"follow","max-snippet":"max-snippet:-1","max-image-preview":"max-image-preview:large","max-video-preview":"max-video-preview:-1"},"canonical":"https:\/\/henri-beaufour.com\/en\/politique-de-confidentialite\/","og_locale":"en_GB","og_type":"article","og_title":"Politique de confidentialit\u00e9 - Henri Beaufour","og_description":"Politique de confidentialit\u00e9 La pr\u00e9sente politique de confidentialit\u00e9 a pour objet d\u2019informer les utilisateurs du site https:\/\/henri-beaufour.com (ci-apr\u00e8s \u00ab le Site \u00bb) des moyens mis en \u0153uvre pour collecter et traiter les donn\u00e9es \u00e0 caract\u00e8re personnel de l\u2019utilisateur, conform\u00e9ment au R\u00e8glement n\u00b02016-679 du 27 avril 2016 relatif \u00e0 la protection des personnes physiques \u00e0 l\u2019\u00e9gard [&hellip;]","og_url":"https:\/\/henri-beaufour.com\/en\/politique-de-confidentialite\/","og_site_name":"Henri Beaufour","article_modified_time":"2025-02-21T16:48:00+00:00","twitter_card":"summary_large_image","twitter_misc":{"Estimated reading time":"3 minutes"},"schema":{"@context":"https:\/\/schema.org","@graph":[{"@type":"WebPage","@id":"https:\/\/henri-beaufour.com\/politique-de-confidentialite\/","url":"https:\/\/henri-beaufour.com\/politique-de-confidentialite\/","name":"Politique de confidentialit\u00e9 - Henri Beaufour","isPartOf":{"@id":"https:\/\/henri-beaufour.com\/#website"},"datePublished":"2025-02-12T14:52:51+00:00","dateModified":"2025-02-21T16:48:00+00:00","breadcrumb":{"@id":"https:\/\/henri-beaufour.com\/politique-de-confidentialite\/#breadcrumb"},"inLanguage":"en-GB","potentialAction":[{"@type":"ReadAction","target":["https:\/\/henri-beaufour.com\/politique-de-confidentialite\/"]}]},{"@type":"BreadcrumbList","@id":"https:\/\/henri-beaufour.com\/politique-de-confidentialite\/#breadcrumb","itemListElement":[{"@type":"ListItem","position":1,"name":"Accueil","item":"https:\/\/henri-beaufour.com\/"},{"@type":"ListItem","position":2,"name":"Politique de confidentialit\u00e9"}]},{"@type":"WebSite","@id":"https:\/\/henri-beaufour.com\/#website","url":"https:\/\/henri-beaufour.com\/","name":"Henri Beaufour","description":"","potentialAction":[{"@type":"SearchAction","target":{"@type":"EntryPoint","urlTemplate":"https:\/\/henri-beaufour.com\/?s={search_term_string}"},"query-input":{"@type":"PropertyValueSpecification","valueRequired":true,"valueName":"search_term_string"}}],"inLanguage":"en-GB"}]}},"_links":{"self":[{"href":"https:\/\/henri-beaufour.com\/en\/wp-json\/wp\/v2\/pages\/756","targetHints":{"allow":["GET"]}}],"collection":[{"href":"https:\/\/henri-beaufour.com\/en\/wp-json\/wp\/v2\/pages"}],"about":[{"href":"https:\/\/henri-beaufour.com\/en\/wp-json\/wp\/v2\/types\/page"}],"author":[{"embeddable":true,"href":"https:\/\/henri-beaufour.com\/en\/wp-json\/wp\/v2\/users\/1"}],"replies":[{"embeddable":true,"href":"https:\/\/henri-beaufour.com\/en\/wp-json\/wp\/v2\/comments?post=756"}],"version-history":[{"count":4,"href":"https:\/\/henri-beaufour.com\/en\/wp-json\/wp\/v2\/pages\/756\/revisions"}],"predecessor-version":[{"id":947,"href":"https:\/\/henri-beaufour.com\/en\/wp-json\/wp\/v2\/pages\/756\/revisions\/947"}],"wp:attachment":[{"href":"https:\/\/henri-beaufour.com\/en\/wp-json\/wp\/v2\/media?parent=756"}],"wp:term":[{"taxonomy":"folder","embeddable":true,"href":"https:\/\/henri-beaufour.com\/en\/wp-json\/wp\/v2\/folder?post=756"}],"curies":[{"name":"wp","href":"https:\/\/api.w.org\/{rel}","templated":true}]}}