{"id":757,"date":"2025-02-12T15:53:18","date_gmt":"2025-02-12T14:53:18","guid":{"rendered":"https:\/\/henri-beaufour.com\/?page_id=757"},"modified":"2025-02-21T17:48:54","modified_gmt":"2025-02-21T16:48:54","slug":"mentions-legales","status":"publish","type":"page","link":"https:\/\/henri-beaufour.com\/en\/mentions-legales\/","title":{"rendered":"Mentions l\u00e9gales"},"content":{"rendered":"<div data-elementor-type=\"wp-page\" data-elementor-id=\"757\" class=\"elementor elementor-757\" data-elementor-post-type=\"page\">\n\t\t\t\t<div data-particle_enable=\"false\" data-particle-mobile-disabled=\"false\" class=\"elementor-element elementor-element-5c88086 e-flex e-con-boxed e-con e-parent\" data-id=\"5c88086\" data-element_type=\"container\" data-e-type=\"container\" data-settings=\"{&quot;jet_parallax_layout_list&quot;:[]}\">\n\t\t\t\t\t<div class=\"e-con-inner\">\n\t\t\t\t<div class=\"elementor-element elementor-element-17e492b elementor-widget elementor-widget-heading\" data-id=\"17e492b\" data-element_type=\"widget\" data-e-type=\"widget\" data-widget_type=\"heading.default\">\n\t\t\t\t<div class=\"elementor-widget-container\">\n\t\t\t\t\t<h1 class=\"elementor-heading-title elementor-size-default\">Mentions l\u00e9gales\n<\/h1>\t\t\t\t<\/div>\n\t\t\t\t<\/div>\n\t\t\t\t<div class=\"elementor-element elementor-element-e4d86d5 elementor-widget elementor-widget-text-editor\" data-id=\"e4d86d5\" data-element_type=\"widget\" data-e-type=\"widget\" data-widget_type=\"text-editor.default\">\n\t\t\t\t<div class=\"elementor-widget-container\">\n\t\t\t\t\t\t\t\t\t<p><b>EDITEUR DU SITE<\/b><\/p>\n<p>Massa Management SARL, soci\u00e9t\u00e9 \u00e0 responsabilit\u00e9 limit\u00e9e constitu\u00e9e sous les lois du Luxembourg, ayant son si\u00e8ge social au 11, Boulevard Royal, L-2449 Luxembourg, Grand-Duch\u00e9 de Luxembourg et inscrite aupr\u00e8s du Registre de Commerce et des Soci\u00e9t\u00e9s, Luxembourg sous le num\u00e9ro B227310.<\/p>\n<p>Directeur de publication : Henri Beaufour de Massa Management S.\u00e0.r.l., henri@massamanagement.lu, T\u00e9l. : +352 27 47 84 45<\/p>\n<p><b>H\u00c9BERGEUR DU SITE<\/b><\/p>\n<p><b>H\u00e9bergeur :<\/b> Visual Online S.A., rue Goell 6, L-5326 Contern<\/p>\n<p>E-mail : support@vo.lu<\/p>\n<p>T\u00e9l\u00e9phone : +352 42 44 11 1<\/p>\n<p><b>CONCEPTION ET R\u00c9ALISATION DU SITE<\/b><\/p>\n<p>Webmaster :<\/p>\n<p>Yohann Deprez<\/p>\n<p>E-mail : contact@yohanndeprez.fr<\/p>\n<p>SIRET : 90240717000015<\/p>\n<p>T\u00e9l\u00e9phone : +33 (0)6 70 49 48 14<\/p>\n<p><b>Graphisme :<\/b><\/p>\n<p>Anne Fraysse<\/p>\n<p>E-mail : contactez@annefraysse.com<\/p>\n<p>SIRET: 43756670600051<\/p>\n<p><b>Cr\u00e9dits photographiques :<\/b> Henri Beaufour<\/p>\t\t\t\t\t\t\t\t<\/div>\n\t\t\t\t<\/div>\n\t\t\t\t\t<\/div>\n\t\t\t\t<\/div>\n\t\t\t\t<\/div>","protected":false},"excerpt":{"rendered":"<p>Mentions l\u00e9gales EDITEUR DU SITE Massa Management SARL, soci\u00e9t\u00e9 \u00e0 responsabilit\u00e9 limit\u00e9e constitu\u00e9e sous les lois du Luxembourg, ayant son si\u00e8ge social au 11, Boulevard Royal, L-2449 Luxembourg, Grand-Duch\u00e9 de Luxembourg et inscrite aupr\u00e8s du Registre de Commerce et des Soci\u00e9t\u00e9s, Luxembourg sous le num\u00e9ro B227310. Directeur de publication : Henri Beaufour de Massa Management [&hellip;]<\/p>\n","protected":false},"author":1,"featured_media":0,"parent":0,"menu_order":0,"comment_status":"closed","ping_status":"closed","template":"elementor_header_footer","meta":{"_acf_changed":false,"footnotes":""},"folder":[],"class_list":["post-757","page","type-page","status-publish","hentry"],"acf":[],"yoast_head":"<!-- This site is optimized with the Yoast SEO plugin v27.4 - https:\/\/yoast.com\/product\/yoast-seo-wordpress\/ -->\n<title>Mentions l\u00e9gales - Henri Beaufour<\/title>\n<meta name=\"robots\" content=\"index, follow, max-snippet:-1, max-image-preview:large, max-video-preview:-1\" \/>\n<link rel=\"canonical\" href=\"https:\/\/henri-beaufour.com\/en\/mentions-legales\/\" \/>\n<meta property=\"og:locale\" content=\"en_GB\" \/>\n<meta property=\"og:type\" content=\"article\" \/>\n<meta property=\"og:title\" content=\"Mentions l\u00e9gales - Henri Beaufour\" \/>\n<meta property=\"og:description\" content=\"Mentions l\u00e9gales EDITEUR DU SITE Massa Management SARL, soci\u00e9t\u00e9 \u00e0 responsabilit\u00e9 limit\u00e9e constitu\u00e9e sous les lois du Luxembourg, ayant son si\u00e8ge social au 11, Boulevard Royal, L-2449 Luxembourg, Grand-Duch\u00e9 de Luxembourg et inscrite aupr\u00e8s du Registre de Commerce et des Soci\u00e9t\u00e9s, Luxembourg sous le num\u00e9ro B227310. Directeur de publication : Henri Beaufour de Massa Management [&hellip;]\" \/>\n<meta property=\"og:url\" content=\"https:\/\/henri-beaufour.com\/en\/mentions-legales\/\" \/>\n<meta property=\"og:site_name\" content=\"Henri Beaufour\" \/>\n<meta property=\"article:modified_time\" content=\"2025-02-21T16:48:54+00:00\" \/>\n<meta name=\"twitter:card\" content=\"summary_large_image\" \/>\n<meta name=\"twitter:label1\" content=\"Estimated reading time\" \/>\n\t<meta name=\"twitter:data1\" content=\"1 minute\" \/>\n<script type=\"application\/ld+json\" class=\"yoast-schema-graph\">{\"@context\":\"https:\\\/\\\/schema.org\",\"@graph\":[{\"@type\":\"WebPage\",\"@id\":\"https:\\\/\\\/henri-beaufour.com\\\/mentions-legales\\\/\",\"url\":\"https:\\\/\\\/henri-beaufour.com\\\/mentions-legales\\\/\",\"name\":\"Mentions l\u00e9gales - Henri Beaufour\",\"isPartOf\":{\"@id\":\"https:\\\/\\\/henri-beaufour.com\\\/#website\"},\"datePublished\":\"2025-02-12T14:53:18+00:00\",\"dateModified\":\"2025-02-21T16:48:54+00:00\",\"breadcrumb\":{\"@id\":\"https:\\\/\\\/henri-beaufour.com\\\/mentions-legales\\\/#breadcrumb\"},\"inLanguage\":\"en-GB\",\"potentialAction\":[{\"@type\":\"ReadAction\",\"target\":[\"https:\\\/\\\/henri-beaufour.com\\\/mentions-legales\\\/\"]}]},{\"@type\":\"BreadcrumbList\",\"@id\":\"https:\\\/\\\/henri-beaufour.com\\\/mentions-legales\\\/#breadcrumb\",\"itemListElement\":[{\"@type\":\"ListItem\",\"position\":1,\"name\":\"Accueil\",\"item\":\"https:\\\/\\\/henri-beaufour.com\\\/\"},{\"@type\":\"ListItem\",\"position\":2,\"name\":\"Mentions l\u00e9gales\"}]},{\"@type\":\"WebSite\",\"@id\":\"https:\\\/\\\/henri-beaufour.com\\\/#website\",\"url\":\"https:\\\/\\\/henri-beaufour.com\\\/\",\"name\":\"Henri Beaufour\",\"description\":\"\",\"potentialAction\":[{\"@type\":\"SearchAction\",\"target\":{\"@type\":\"EntryPoint\",\"urlTemplate\":\"https:\\\/\\\/henri-beaufour.com\\\/?s={search_term_string}\"},\"query-input\":{\"@type\":\"PropertyValueSpecification\",\"valueRequired\":true,\"valueName\":\"search_term_string\"}}],\"inLanguage\":\"en-GB\"}]}<\/script>\n<!-- \/ Yoast SEO plugin. -->","yoast_head_json":{"title":"Mentions l\u00e9gales - Henri Beaufour","robots":{"index":"index","follow":"follow","max-snippet":"max-snippet:-1","max-image-preview":"max-image-preview:large","max-video-preview":"max-video-preview:-1"},"canonical":"https:\/\/henri-beaufour.com\/en\/mentions-legales\/","og_locale":"en_GB","og_type":"article","og_title":"Mentions l\u00e9gales - Henri Beaufour","og_description":"Mentions l\u00e9gales EDITEUR DU SITE Massa Management SARL, soci\u00e9t\u00e9 \u00e0 responsabilit\u00e9 limit\u00e9e constitu\u00e9e sous les lois du Luxembourg, ayant son si\u00e8ge social au 11, Boulevard Royal, L-2449 Luxembourg, Grand-Duch\u00e9 de Luxembourg et inscrite aupr\u00e8s du Registre de Commerce et des Soci\u00e9t\u00e9s, Luxembourg sous le num\u00e9ro B227310. Directeur de publication : Henri Beaufour de Massa Management [&hellip;]","og_url":"https:\/\/henri-beaufour.com\/en\/mentions-legales\/","og_site_name":"Henri Beaufour","article_modified_time":"2025-02-21T16:48:54+00:00","twitter_card":"summary_large_image","twitter_misc":{"Estimated reading time":"1 minute"},"schema":{"@context":"https:\/\/schema.org","@graph":[{"@type":"WebPage","@id":"https:\/\/henri-beaufour.com\/mentions-legales\/","url":"https:\/\/henri-beaufour.com\/mentions-legales\/","name":"Mentions l\u00e9gales - Henri Beaufour","isPartOf":{"@id":"https:\/\/henri-beaufour.com\/#website"},"datePublished":"2025-02-12T14:53:18+00:00","dateModified":"2025-02-21T16:48:54+00:00","breadcrumb":{"@id":"https:\/\/henri-beaufour.com\/mentions-legales\/#breadcrumb"},"inLanguage":"en-GB","potentialAction":[{"@type":"ReadAction","target":["https:\/\/henri-beaufour.com\/mentions-legales\/"]}]},{"@type":"BreadcrumbList","@id":"https:\/\/henri-beaufour.com\/mentions-legales\/#breadcrumb","itemListElement":[{"@type":"ListItem","position":1,"name":"Accueil","item":"https:\/\/henri-beaufour.com\/"},{"@type":"ListItem","position":2,"name":"Mentions l\u00e9gales"}]},{"@type":"WebSite","@id":"https:\/\/henri-beaufour.com\/#website","url":"https:\/\/henri-beaufour.com\/","name":"Henri Beaufour","description":"","potentialAction":[{"@type":"SearchAction","target":{"@type":"EntryPoint","urlTemplate":"https:\/\/henri-beaufour.com\/?s={search_term_string}"},"query-input":{"@type":"PropertyValueSpecification","valueRequired":true,"valueName":"search_term_string"}}],"inLanguage":"en-GB"}]}},"_links":{"self":[{"href":"https:\/\/henri-beaufour.com\/en\/wp-json\/wp\/v2\/pages\/757","targetHints":{"allow":["GET"]}}],"collection":[{"href":"https:\/\/henri-beaufour.com\/en\/wp-json\/wp\/v2\/pages"}],"about":[{"href":"https:\/\/henri-beaufour.com\/en\/wp-json\/wp\/v2\/types\/page"}],"author":[{"embeddable":true,"href":"https:\/\/henri-beaufour.com\/en\/wp-json\/wp\/v2\/users\/1"}],"replies":[{"embeddable":true,"href":"https:\/\/henri-beaufour.com\/en\/wp-json\/wp\/v2\/comments?post=757"}],"version-history":[{"count":4,"href":"https:\/\/henri-beaufour.com\/en\/wp-json\/wp\/v2\/pages\/757\/revisions"}],"predecessor-version":[{"id":950,"href":"https:\/\/henri-beaufour.com\/en\/wp-json\/wp\/v2\/pages\/757\/revisions\/950"}],"wp:attachment":[{"href":"https:\/\/henri-beaufour.com\/en\/wp-json\/wp\/v2\/media?parent=757"}],"wp:term":[{"taxonomy":"folder","embeddable":true,"href":"https:\/\/henri-beaufour.com\/en\/wp-json\/wp\/v2\/folder?post=757"}],"curies":[{"name":"wp","href":"https:\/\/api.w.org\/{rel}","templated":true}]}}